{"id":10528,"date":"2025-02-11T14:45:55","date_gmt":"2025-02-11T14:45:55","guid":{"rendered":"https:\/\/www.noac.ie\/preaseisiuinti-2025\/"},"modified":"2025-11-27T09:16:36","modified_gmt":"2025-11-27T09:16:36","slug":"preaseisiuinti-2025","status":"publish","type":"page","link":"https:\/\/www.noac.ie\/ga\/preaseisiuinti-2025\/","title":{"rendered":"Preaseisi\u00faint\u00ed 2025"},"content":{"rendered":"\n\n\t<h1>Nuacht agus Imeachta\u00ed NOAC<\/h1>\n<h1>2025<\/h1>\n\n","protected":false},"excerpt":{"rendered":"<div class=\"entry-summary\">\n<div class=\"entry-summary\">\nNuacht agus Imeachta\u00ed NOAC 2025\n<\/div>\n<div class=\"link-more\"><a href=\"https:\/\/www.noac.ie\/ga\/preaseisiuinti-2025\/\" class=\"more-link\">Continue reading<span class=\"screen-reader-text\"> &ldquo;Preaseisi\u00faint\u00ed 2025&rdquo;<\/span>&hellip;<\/a><\/div>\n<\/div>\n<div class=\"link-more\"><a href=\"https:\/\/www.noac.ie\/ga\/preaseisiuinti-2025\/\" class=\"more-link\">Continue reading<span class=\"screen-reader-text\"> &ldquo;Preaseisi\u00faint\u00ed 2025&rdquo;<\/span>&hellip;<\/a><\/div>\n","protected":false},"author":16,"featured_media":0,"parent":0,"menu_order":0,"comment_status":"closed","ping_status":"closed","template":"","meta":{"_acf_changed":false,"footnotes":""},"class_list":["post-10528","page","type-page","status-publish","hentry","entry"],"acf":[],"yoast_head":"<!-- This site is optimized with the Yoast SEO plugin v27.2 - https:\/\/yoast.com\/product\/yoast-seo-wordpress\/ -->\n<title>Preaseisi\u00faint\u00ed 2025 - National Oversight &amp; Audit Commission<\/title>\n<meta name=\"robots\" content=\"index, follow, max-snippet:-1, max-image-preview:large, max-video-preview:-1\" \/>\n<link rel=\"canonical\" href=\"https:\/\/www.noac.ie\/ga\/preaseisiuinti-2025\/\" \/>\n<meta property=\"og:locale\" content=\"ga_IE\" \/>\n<meta property=\"og:type\" content=\"article\" \/>\n<meta property=\"og:title\" content=\"Preaseisi\u00faint\u00ed 2025 - National Oversight &amp; Audit Commission\" \/>\n<meta property=\"og:description\" content=\"Nuacht agus Imeachta\u00ed NOAC 2025 Continue reading &ldquo;Preaseisi\u00faint\u00ed 2025&rdquo;&hellip;\" \/>\n<meta property=\"og:url\" content=\"https:\/\/www.noac.ie\/ga\/preaseisiuinti-2025\/\" \/>\n<meta property=\"og:site_name\" content=\"National Oversight &amp; Audit Commission\" \/>\n<meta property=\"article:modified_time\" content=\"2025-11-27T09:16:36+00:00\" \/>\n<meta name=\"twitter:card\" content=\"summary_large_image\" \/>\n<meta name=\"twitter:label1\" content=\"Est. reading time\" \/>\n\t<meta name=\"twitter:data1\" content=\"1 minute\" \/>\n<script type=\"application\/ld+json\" class=\"yoast-schema-graph\">{\"@context\":\"https:\/\/schema.org\",\"@graph\":[{\"@type\":\"WebPage\",\"@id\":\"https:\/\/www.noac.ie\/ga\/preaseisiuinti-2025\/\",\"url\":\"https:\/\/www.noac.ie\/ga\/preaseisiuinti-2025\/\",\"name\":\"Preaseisi\u00faint\u00ed 2025 - National Oversight &amp; Audit Commission\",\"isPartOf\":{\"@id\":\"https:\/\/www.noac.ie\/ga\/#website\"},\"datePublished\":\"2025-02-11T14:45:55+00:00\",\"dateModified\":\"2025-11-27T09:16:36+00:00\",\"breadcrumb\":{\"@id\":\"https:\/\/www.noac.ie\/ga\/preaseisiuinti-2025\/#breadcrumb\"},\"inLanguage\":\"ga-IE\",\"potentialAction\":[{\"@type\":\"ReadAction\",\"target\":[\"https:\/\/www.noac.ie\/ga\/preaseisiuinti-2025\/\"]}]},{\"@type\":\"BreadcrumbList\",\"@id\":\"https:\/\/www.noac.ie\/ga\/preaseisiuinti-2025\/#breadcrumb\",\"itemListElement\":[{\"@type\":\"ListItem\",\"position\":1,\"name\":\"Home\",\"item\":\"https:\/\/www.noac.ie\/ga\/\"},{\"@type\":\"ListItem\",\"position\":2,\"name\":\"Preaseisi\u00faint\u00ed 2025\"}]},{\"@type\":\"WebSite\",\"@id\":\"https:\/\/www.noac.ie\/ga\/#website\",\"url\":\"https:\/\/www.noac.ie\/ga\/\",\"name\":\"National Oversight & Audit Commission\",\"description\":\"Providing national oversight of local government in Ireland\",\"publisher\":{\"@id\":\"https:\/\/www.noac.ie\/ga\/#organization\"},\"alternateName\":\"NOAC\",\"potentialAction\":[{\"@type\":\"SearchAction\",\"target\":{\"@type\":\"EntryPoint\",\"urlTemplate\":\"https:\/\/www.noac.ie\/ga\/?s={search_term_string}\"},\"query-input\":{\"@type\":\"PropertyValueSpecification\",\"valueRequired\":true,\"valueName\":\"search_term_string\"}}],\"inLanguage\":\"ga-IE\"},{\"@type\":\"Organization\",\"@id\":\"https:\/\/www.noac.ie\/ga\/#organization\",\"name\":\"National Oversight and Audit Commission\",\"alternateName\":\"NOAC\",\"url\":\"https:\/\/www.noac.ie\/ga\/\",\"logo\":{\"@type\":\"ImageObject\",\"inLanguage\":\"ga-IE\",\"@id\":\"https:\/\/www.noac.ie\/ga\/#\/schema\/logo\/image\/\",\"url\":\"https:\/\/cdn.noac.ie\/wp-content\/uploads\/2020\/04\/national-oversight-and-auditing-commission-logo.jpg\",\"contentUrl\":\"https:\/\/cdn.noac.ie\/wp-content\/uploads\/2020\/04\/national-oversight-and-auditing-commission-logo.jpg\",\"width\":336,\"height\":122,\"caption\":\"National Oversight and Audit Commission\"},\"image\":{\"@id\":\"https:\/\/www.noac.ie\/ga\/#\/schema\/logo\/image\/\"}}]}<\/script>\n<!-- \/ Yoast SEO plugin. -->","yoast_head_json":{"title":"Preaseisi\u00faint\u00ed 2025 - National Oversight &amp; Audit Commission","robots":{"index":"index","follow":"follow","max-snippet":"max-snippet:-1","max-image-preview":"max-image-preview:large","max-video-preview":"max-video-preview:-1"},"canonical":"https:\/\/www.noac.ie\/ga\/preaseisiuinti-2025\/","og_locale":"ga_IE","og_type":"article","og_title":"Preaseisi\u00faint\u00ed 2025 - National Oversight &amp; Audit Commission","og_description":"Nuacht agus Imeachta\u00ed NOAC 2025 Continue reading &ldquo;Preaseisi\u00faint\u00ed 2025&rdquo;&hellip;","og_url":"https:\/\/www.noac.ie\/ga\/preaseisiuinti-2025\/","og_site_name":"National Oversight &amp; Audit Commission","article_modified_time":"2025-11-27T09:16:36+00:00","twitter_card":"summary_large_image","twitter_misc":{"Est. reading time":"1 minute"},"schema":{"@context":"https:\/\/schema.org","@graph":[{"@type":"WebPage","@id":"https:\/\/www.noac.ie\/ga\/preaseisiuinti-2025\/","url":"https:\/\/www.noac.ie\/ga\/preaseisiuinti-2025\/","name":"Preaseisi\u00faint\u00ed 2025 - National Oversight &amp; Audit Commission","isPartOf":{"@id":"https:\/\/www.noac.ie\/ga\/#website"},"datePublished":"2025-02-11T14:45:55+00:00","dateModified":"2025-11-27T09:16:36+00:00","breadcrumb":{"@id":"https:\/\/www.noac.ie\/ga\/preaseisiuinti-2025\/#breadcrumb"},"inLanguage":"ga-IE","potentialAction":[{"@type":"ReadAction","target":["https:\/\/www.noac.ie\/ga\/preaseisiuinti-2025\/"]}]},{"@type":"BreadcrumbList","@id":"https:\/\/www.noac.ie\/ga\/preaseisiuinti-2025\/#breadcrumb","itemListElement":[{"@type":"ListItem","position":1,"name":"Home","item":"https:\/\/www.noac.ie\/ga\/"},{"@type":"ListItem","position":2,"name":"Preaseisi\u00faint\u00ed 2025"}]},{"@type":"WebSite","@id":"https:\/\/www.noac.ie\/ga\/#website","url":"https:\/\/www.noac.ie\/ga\/","name":"National Oversight & Audit Commission","description":"Providing national oversight of local government in Ireland","publisher":{"@id":"https:\/\/www.noac.ie\/ga\/#organization"},"alternateName":"NOAC","potentialAction":[{"@type":"SearchAction","target":{"@type":"EntryPoint","urlTemplate":"https:\/\/www.noac.ie\/ga\/?s={search_term_string}"},"query-input":{"@type":"PropertyValueSpecification","valueRequired":true,"valueName":"search_term_string"}}],"inLanguage":"ga-IE"},{"@type":"Organization","@id":"https:\/\/www.noac.ie\/ga\/#organization","name":"National Oversight and Audit Commission","alternateName":"NOAC","url":"https:\/\/www.noac.ie\/ga\/","logo":{"@type":"ImageObject","inLanguage":"ga-IE","@id":"https:\/\/www.noac.ie\/ga\/#\/schema\/logo\/image\/","url":"https:\/\/cdn.noac.ie\/wp-content\/uploads\/2020\/04\/national-oversight-and-auditing-commission-logo.jpg","contentUrl":"https:\/\/cdn.noac.ie\/wp-content\/uploads\/2020\/04\/national-oversight-and-auditing-commission-logo.jpg","width":336,"height":122,"caption":"National Oversight and Audit Commission"},"image":{"@id":"https:\/\/www.noac.ie\/ga\/#\/schema\/logo\/image\/"}}]}},"_links":{"self":[{"href":"https:\/\/www.noac.ie\/ga\/wp-json\/wp\/v2\/pages\/10528","targetHints":{"allow":["GET"]}}],"collection":[{"href":"https:\/\/www.noac.ie\/ga\/wp-json\/wp\/v2\/pages"}],"about":[{"href":"https:\/\/www.noac.ie\/ga\/wp-json\/wp\/v2\/types\/page"}],"author":[{"embeddable":true,"href":"https:\/\/www.noac.ie\/ga\/wp-json\/wp\/v2\/users\/16"}],"replies":[{"embeddable":true,"href":"https:\/\/www.noac.ie\/ga\/wp-json\/wp\/v2\/comments?post=10528"}],"version-history":[{"count":2,"href":"https:\/\/www.noac.ie\/ga\/wp-json\/wp\/v2\/pages\/10528\/revisions"}],"predecessor-version":[{"id":10590,"href":"https:\/\/www.noac.ie\/ga\/wp-json\/wp\/v2\/pages\/10528\/revisions\/10590"}],"wp:attachment":[{"href":"https:\/\/www.noac.ie\/ga\/wp-json\/wp\/v2\/media?parent=10528"}],"curies":[{"name":"wp","href":"https:\/\/api.w.org\/{rel}","templated":true}]}}