{"id":2756,"date":"2014-09-05T04:41:07","date_gmt":"2014-09-05T03:41:07","guid":{"rendered":"http:\/\/dev-site.noac.ie\/?page_id=2756"},"modified":"2026-03-16T17:14:59","modified_gmt":"2026-03-16T17:14:59","slug":"leathanach-baile","status":"publish","type":"page","link":"https:\/\/www.noac.ie\/ga\/","title":{"rendered":"Leathanach Baile"},"content":{"rendered":"\n\n\t<h3>An Nuacht is D\u00e9ana\u00ed:<\/h3>\n<p>&nbsp;<\/p>\n<p>An tAire St\u00e1it a bhfuil freagracht air maidir le Rialtas \u00c1iti\u00fail agus Plean\u00e1il, John Cummins TD, a d&#8217;oscail an t-ocht\u00fa seimine\u00e1r de chuid an Choimisi\u00fain N\u00e1isi\u00fanta Maoirseachta agus Ini\u00fach\u00f3ireachta (NOAC) dar teideal &#8216;Dea-Chleachtas sa Rialtas \u00c1iti\u00fail&#8217;.<\/p>\n<p>Chuir s\u00e9 cinn d&#8217;\u00fadar\u00e1s \u00e1iti\u00fala, is iad sin, Comhairl\u00ed Contae na Gaillimhe, Chill Dara, Laoise, U\u00edbh Fhail\u00ed, Fhine Gall agus Chorca\u00ed, tionscadail nu\u00e1lacha i l\u00e1thair a l\u00e9ir\u00edonn ceannaireacht agus s\u00e1rmhaitheas i seachadadh seirbh\u00eds\u00ed rialtais \u00e1iti\u00fail. I measc na dtionscnamh seo t\u00e1 Cl\u00e1r Feasachta Aer\u00e1ide do Dhaoine 60+, Aip don Ionducht\u00fa saor \u00f3 Ph\u00e1ip\u00e9ar, F\u00f3gra Aoisli\u00fantais Tosaithe, L\u00e1mhleabhar Gaeilge, Mod\u00fal ar an gCl\u00e1r Cothromais agus c\u00f3ras nua digiteach ceannaigh ar l\u00edne leabharlainne.<\/p>\n<hr class=\"wm-divider type-whitespace\" \/>\n\t\t\t\t<img decoding=\"async\" src=\"https:\/\/cdn.noac.ie\/wp-content\/uploads\/2020\/05\/noac-reports-icon.png\" alt=\"NOAC reports icon\" itemprop=\"image\" title=\"noac-reports-icon\" onerror=\"this.style.display='none'\"  \/>\n\t<h2>FOILSEACH\u00c1IN<\/h2>\n<p>D\u00e9an na foilseach\u00e1in is d\u00e9ana\u00ed \u00f3n gCoimisi\u00fan a chuardach agus a \u00edosl\u00f3d\u00e1il.<\/p>\n<a href=\"https:\/\/www.noac.ie\/ga\/foilseachain\/\" class=\"wm-button size-medium button\">TUILLEADH EOLAIS<\/a>\n\t\t\t\t<img decoding=\"async\" src=\"https:\/\/cdn.noac.ie\/wp-content\/uploads\/2021\/01\/news-icon.png\" alt=\"NUACHT AGUS IMEACHTA\u00cd\" itemprop=\"image\" title=\"NUACHT AGUS IMEACHTA\u00cd\" onerror=\"this.style.display='none'\"  \/>\n\t<h2>NUACHT AGUS IMEACHTA\u00cd<\/h2>\n<p>Tuilleadh eolais faoi cheardlanna agus seimine\u00e1ir an Choimisi\u00fain N\u00e1isi\u00fanta Maoirseachta agus Ini\u00fach\u00f3ireachta.<\/p>\n<a href=\"https:\/\/www.noac.ie\/ga\/nuacht-agus-imeachtai\/\" class=\"wm-button size-medium button\">TUILLEADH EOLAIS<\/a>\n\t\t\t\t<img decoding=\"async\" src=\"https:\/\/cdn.noac.ie\/wp-content\/uploads\/2020\/05\/contact-noac-icon.png\" alt=\"NOAC contact icon\" itemprop=\"image\" title=\"contact-noac-icon\" onerror=\"this.style.display='none'\"  \/>\n\t<h2>D\u00c9AN TEAGMH\u00c1IL LINN<\/h2>\n<p>Is ioma\u00ed bealach at\u00e1 ann chun teagmh\u00e1il a dh\u00e9anamh linn.<\/p>\n<a href=\"https:\/\/www.noac.ie\/ga\/dean-teagmhail-linn\/\" class=\"wm-button size-medium button\">TUILLEADH EOLAIS<\/a><hr class=\"wm-divider type-whitespace\" \/>\n","protected":false},"excerpt":{"rendered":"<div class=\"entry-summary\">\n<div class=\"entry-summary\">\nAn Nuacht is D\u00e9ana\u00ed: &nbsp; An tAire St\u00e1it a bhfuil freagracht air maidir le Rialtas \u00c1iti\u00fail agus Plean\u00e1il, John Cummins&hellip;\n<\/div>\n<div class=\"link-more\"><a href=\"https:\/\/www.noac.ie\/ga\/\" class=\"more-link\">Continue reading<span class=\"screen-reader-text\"> &ldquo;Leathanach Baile&rdquo;<\/span>&hellip;<\/a><\/div>\n<\/div>\n<div class=\"link-more\"><a href=\"https:\/\/www.noac.ie\/ga\/\" class=\"more-link\">Continue reading<span class=\"screen-reader-text\"> &ldquo;Leathanach Baile&rdquo;<\/span>&hellip;<\/a><\/div>\n","protected":false},"author":8,"featured_media":8018,"parent":0,"menu_order":0,"comment_status":"closed","ping_status":"closed","template":"","meta":{"_acf_changed":false,"footnotes":""},"class_list":["post-2756","page","type-page","status-publish","has-post-thumbnail","hentry","entry"],"acf":[],"yoast_head":"<!-- This site is optimized with the Yoast SEO plugin v27.3 - https:\/\/yoast.com\/product\/yoast-seo-wordpress\/ -->\n<title>Leathanach Baile - National Oversight &amp; Audit Commission<\/title>\n<meta name=\"robots\" content=\"index, follow, max-snippet:-1, max-image-preview:large, max-video-preview:-1\" \/>\n<link rel=\"canonical\" href=\"https:\/\/www.noac.ie\/ga\/\" \/>\n<meta property=\"og:locale\" content=\"ga_IE\" \/>\n<meta property=\"og:type\" content=\"article\" \/>\n<meta property=\"og:title\" content=\"Leathanach Baile - National Oversight &amp; Audit Commission\" \/>\n<meta property=\"og:description\" content=\"An Nuacht is D\u00e9ana\u00ed: &nbsp; An tAire St\u00e1it a bhfuil freagracht air maidir le Rialtas \u00c1iti\u00fail agus Plean\u00e1il, John Cummins&hellip; Continue reading &ldquo;Leathanach Baile&rdquo;&hellip;\" \/>\n<meta property=\"og:url\" content=\"https:\/\/www.noac.ie\/ga\/\" \/>\n<meta property=\"og:site_name\" content=\"National Oversight &amp; Audit Commission\" \/>\n<meta property=\"article:modified_time\" content=\"2026-03-16T17:14:59+00:00\" \/>\n<meta property=\"og:image\" content=\"https:\/\/cdn.noac.ie\/wp-content\/uploads\/2023\/05\/imageedit_1_6759345008.jpg\" \/>\n\t<meta property=\"og:image:width\" content=\"1066\" \/>\n\t<meta property=\"og:image:height\" content=\"801\" \/>\n\t<meta property=\"og:image:type\" content=\"image\/jpeg\" \/>\n<meta name=\"twitter:card\" content=\"summary_large_image\" \/>\n<meta name=\"twitter:label1\" content=\"Est. reading time\" \/>\n\t<meta name=\"twitter:data1\" content=\"4 minutes\" \/>\n<script type=\"application\/ld+json\" class=\"yoast-schema-graph\">{\"@context\":\"https:\\\/\\\/schema.org\",\"@graph\":[{\"@type\":\"WebPage\",\"@id\":\"https:\\\/\\\/www.noac.ie\\\/ga\\\/\",\"url\":\"https:\\\/\\\/www.noac.ie\\\/ga\\\/\",\"name\":\"Leathanach Baile - National Oversight &amp; Audit Commission\",\"isPartOf\":{\"@id\":\"https:\\\/\\\/www.noac.ie\\\/ga\\\/#website\"},\"primaryImageOfPage\":{\"@id\":\"https:\\\/\\\/www.noac.ie\\\/ga\\\/#primaryimage\"},\"image\":{\"@id\":\"https:\\\/\\\/www.noac.ie\\\/ga\\\/#primaryimage\"},\"thumbnailUrl\":\"https:\\\/\\\/cdn.noac.ie\\\/wp-content\\\/uploads\\\/2023\\\/05\\\/imageedit_1_6759345008.jpg\",\"datePublished\":\"2014-09-05T03:41:07+00:00\",\"dateModified\":\"2026-03-16T17:14:59+00:00\",\"breadcrumb\":{\"@id\":\"https:\\\/\\\/www.noac.ie\\\/ga\\\/#breadcrumb\"},\"inLanguage\":\"ga-IE\",\"potentialAction\":[{\"@type\":\"ReadAction\",\"target\":[\"https:\\\/\\\/www.noac.ie\\\/ga\\\/\"]}]},{\"@type\":\"ImageObject\",\"inLanguage\":\"ga-IE\",\"@id\":\"https:\\\/\\\/www.noac.ie\\\/ga\\\/#primaryimage\",\"url\":\"https:\\\/\\\/cdn.noac.ie\\\/wp-content\\\/uploads\\\/2023\\\/05\\\/imageedit_1_6759345008.jpg\",\"contentUrl\":\"https:\\\/\\\/cdn.noac.ie\\\/wp-content\\\/uploads\\\/2023\\\/05\\\/imageedit_1_6759345008.jpg\",\"width\":1066,\"height\":801},{\"@type\":\"BreadcrumbList\",\"@id\":\"https:\\\/\\\/www.noac.ie\\\/ga\\\/#breadcrumb\",\"itemListElement\":[{\"@type\":\"ListItem\",\"position\":1,\"name\":\"Home\",\"item\":\"https:\\\/\\\/www.noac.ie\\\/ga\\\/\"},{\"@type\":\"ListItem\",\"position\":2,\"name\":\"Leathanach Baile\"}]},{\"@type\":\"WebSite\",\"@id\":\"https:\\\/\\\/www.noac.ie\\\/ga\\\/#website\",\"url\":\"https:\\\/\\\/www.noac.ie\\\/ga\\\/\",\"name\":\"National Oversight & Audit Commission\",\"description\":\"Providing national oversight of local government in Ireland\",\"publisher\":{\"@id\":\"https:\\\/\\\/www.noac.ie\\\/ga\\\/#organization\"},\"alternateName\":\"NOAC\",\"potentialAction\":[{\"@type\":\"SearchAction\",\"target\":{\"@type\":\"EntryPoint\",\"urlTemplate\":\"https:\\\/\\\/www.noac.ie\\\/ga\\\/?s={search_term_string}\"},\"query-input\":{\"@type\":\"PropertyValueSpecification\",\"valueRequired\":true,\"valueName\":\"search_term_string\"}}],\"inLanguage\":\"ga-IE\"},{\"@type\":\"Organization\",\"@id\":\"https:\\\/\\\/www.noac.ie\\\/ga\\\/#organization\",\"name\":\"National Oversight and Audit Commission\",\"alternateName\":\"NOAC\",\"url\":\"https:\\\/\\\/www.noac.ie\\\/ga\\\/\",\"logo\":{\"@type\":\"ImageObject\",\"inLanguage\":\"ga-IE\",\"@id\":\"https:\\\/\\\/www.noac.ie\\\/ga\\\/#\\\/schema\\\/logo\\\/image\\\/\",\"url\":\"https:\\\/\\\/cdn.noac.ie\\\/wp-content\\\/uploads\\\/2020\\\/04\\\/national-oversight-and-auditing-commission-logo.jpg\",\"contentUrl\":\"https:\\\/\\\/cdn.noac.ie\\\/wp-content\\\/uploads\\\/2020\\\/04\\\/national-oversight-and-auditing-commission-logo.jpg\",\"width\":336,\"height\":122,\"caption\":\"National Oversight and Audit Commission\"},\"image\":{\"@id\":\"https:\\\/\\\/www.noac.ie\\\/ga\\\/#\\\/schema\\\/logo\\\/image\\\/\"}}]}<\/script>\n<!-- \/ Yoast SEO plugin. -->","yoast_head_json":{"title":"Leathanach Baile - National Oversight &amp; Audit Commission","robots":{"index":"index","follow":"follow","max-snippet":"max-snippet:-1","max-image-preview":"max-image-preview:large","max-video-preview":"max-video-preview:-1"},"canonical":"https:\/\/www.noac.ie\/ga\/","og_locale":"ga_IE","og_type":"article","og_title":"Leathanach Baile - National Oversight &amp; Audit Commission","og_description":"An Nuacht is D\u00e9ana\u00ed: &nbsp; An tAire St\u00e1it a bhfuil freagracht air maidir le Rialtas \u00c1iti\u00fail agus Plean\u00e1il, John Cummins&hellip; Continue reading &ldquo;Leathanach Baile&rdquo;&hellip;","og_url":"https:\/\/www.noac.ie\/ga\/","og_site_name":"National Oversight &amp; Audit Commission","article_modified_time":"2026-03-16T17:14:59+00:00","og_image":[{"width":1066,"height":801,"url":"https:\/\/cdn.noac.ie\/wp-content\/uploads\/2023\/05\/imageedit_1_6759345008.jpg","type":"image\/jpeg"}],"twitter_card":"summary_large_image","twitter_misc":{"Est. reading time":"4 minutes"},"schema":{"@context":"https:\/\/schema.org","@graph":[{"@type":"WebPage","@id":"https:\/\/www.noac.ie\/ga\/","url":"https:\/\/www.noac.ie\/ga\/","name":"Leathanach Baile - National Oversight &amp; Audit Commission","isPartOf":{"@id":"https:\/\/www.noac.ie\/ga\/#website"},"primaryImageOfPage":{"@id":"https:\/\/www.noac.ie\/ga\/#primaryimage"},"image":{"@id":"https:\/\/www.noac.ie\/ga\/#primaryimage"},"thumbnailUrl":"https:\/\/cdn.noac.ie\/wp-content\/uploads\/2023\/05\/imageedit_1_6759345008.jpg","datePublished":"2014-09-05T03:41:07+00:00","dateModified":"2026-03-16T17:14:59+00:00","breadcrumb":{"@id":"https:\/\/www.noac.ie\/ga\/#breadcrumb"},"inLanguage":"ga-IE","potentialAction":[{"@type":"ReadAction","target":["https:\/\/www.noac.ie\/ga\/"]}]},{"@type":"ImageObject","inLanguage":"ga-IE","@id":"https:\/\/www.noac.ie\/ga\/#primaryimage","url":"https:\/\/cdn.noac.ie\/wp-content\/uploads\/2023\/05\/imageedit_1_6759345008.jpg","contentUrl":"https:\/\/cdn.noac.ie\/wp-content\/uploads\/2023\/05\/imageedit_1_6759345008.jpg","width":1066,"height":801},{"@type":"BreadcrumbList","@id":"https:\/\/www.noac.ie\/ga\/#breadcrumb","itemListElement":[{"@type":"ListItem","position":1,"name":"Home","item":"https:\/\/www.noac.ie\/ga\/"},{"@type":"ListItem","position":2,"name":"Leathanach Baile"}]},{"@type":"WebSite","@id":"https:\/\/www.noac.ie\/ga\/#website","url":"https:\/\/www.noac.ie\/ga\/","name":"National Oversight & Audit Commission","description":"Providing national oversight of local government in Ireland","publisher":{"@id":"https:\/\/www.noac.ie\/ga\/#organization"},"alternateName":"NOAC","potentialAction":[{"@type":"SearchAction","target":{"@type":"EntryPoint","urlTemplate":"https:\/\/www.noac.ie\/ga\/?s={search_term_string}"},"query-input":{"@type":"PropertyValueSpecification","valueRequired":true,"valueName":"search_term_string"}}],"inLanguage":"ga-IE"},{"@type":"Organization","@id":"https:\/\/www.noac.ie\/ga\/#organization","name":"National Oversight and Audit Commission","alternateName":"NOAC","url":"https:\/\/www.noac.ie\/ga\/","logo":{"@type":"ImageObject","inLanguage":"ga-IE","@id":"https:\/\/www.noac.ie\/ga\/#\/schema\/logo\/image\/","url":"https:\/\/cdn.noac.ie\/wp-content\/uploads\/2020\/04\/national-oversight-and-auditing-commission-logo.jpg","contentUrl":"https:\/\/cdn.noac.ie\/wp-content\/uploads\/2020\/04\/national-oversight-and-auditing-commission-logo.jpg","width":336,"height":122,"caption":"National Oversight and Audit Commission"},"image":{"@id":"https:\/\/www.noac.ie\/ga\/#\/schema\/logo\/image\/"}}]}},"_links":{"self":[{"href":"https:\/\/www.noac.ie\/ga\/wp-json\/wp\/v2\/pages\/2756","targetHints":{"allow":["GET"]}}],"collection":[{"href":"https:\/\/www.noac.ie\/ga\/wp-json\/wp\/v2\/pages"}],"about":[{"href":"https:\/\/www.noac.ie\/ga\/wp-json\/wp\/v2\/types\/page"}],"author":[{"embeddable":true,"href":"https:\/\/www.noac.ie\/ga\/wp-json\/wp\/v2\/users\/8"}],"replies":[{"embeddable":true,"href":"https:\/\/www.noac.ie\/ga\/wp-json\/wp\/v2\/comments?post=2756"}],"version-history":[{"count":35,"href":"https:\/\/www.noac.ie\/ga\/wp-json\/wp\/v2\/pages\/2756\/revisions"}],"predecessor-version":[{"id":11648,"href":"https:\/\/www.noac.ie\/ga\/wp-json\/wp\/v2\/pages\/2756\/revisions\/11648"}],"wp:featuredmedia":[{"embeddable":true,"href":"https:\/\/www.noac.ie\/ga\/wp-json\/wp\/v2\/media\/8018"}],"wp:attachment":[{"href":"https:\/\/www.noac.ie\/ga\/wp-json\/wp\/v2\/media?parent=2756"}],"curies":[{"name":"wp","href":"https:\/\/api.w.org\/{rel}","templated":true}]}}