{"id":2893,"date":"2019-10-21T08:51:58","date_gmt":"2019-10-21T08:51:58","guid":{"rendered":"http:\/\/dev-site.noac.ie\/?page_id=2893"},"modified":"2023-05-18T11:06:12","modified_gmt":"2023-05-18T11:06:12","slug":"eolas-faoin-noac-agus-iniuchoireachta","status":"publish","type":"page","link":"https:\/\/www.noac.ie\/ga\/eolas-faoin-noac-agus-iniuchoireachta\/","title":{"rendered":"C\u00falra agus strucht\u00far"},"content":{"rendered":"\n\n\t<h1>C\u00falra agus strucht\u00far<\/h1>\n\t<h3><strong>R\u00e1iteas Misin an Choimisi\u00fain N\u00e1isi\u00fanta Maoirseachta agus Ini\u00fach\u00f3ireachta<\/strong><\/h3>\n<p>D\u00e9anfaidh an Coimisi\u00fan maoirseacht neamhsple\u00e1ch ar an earn\u00e1il rialtais \u00e1iti\u00fail tr\u00ed athbhreithni\u00fa a dh\u00e9anamh ar fheidhm\u00edocht airgeadais agus oibr\u00edocht\u00fail na gcomhlachta\u00ed faoina shainch\u00faram, maoirseacht a dh\u00e9anamh ar chur chun feidhme beartas n\u00e1isi\u00fanta rialtais \u00e1iti\u00fail agus deiseanna a aithint le haghaidh dea-chleachtais<\/p>\n<p>&nbsp;<\/p>\n\t<h3><strong>Treoirphrionsabail an Choimisi\u00fain N\u00e1isi\u00fanta Maoirseachta agus Ini\u00fach\u00f3ireachta<\/strong><\/h3>\n<p>T\u00e1 an Coimisi\u00fan tiomanta d&#8217;ionracas agus cothroime ar an gcaighde\u00e1n is airde agus a chuid dualgas \u00e1 gcomhl\u00edonadh aige.<\/p>\n\t<h3><strong>C\u00falra<\/strong><\/h3>\n<p>Is comhlacht reacht\u00fail \u00e9 an Coimisi\u00fan N\u00e1isi\u00fanta Maoirseachta agus Ini\u00fach\u00f3ireachta, a buna\u00edodh faoi ord\u00fa \u00f3n Aire faoi alt 126B den Acht Rialtas \u00c1iti\u00fail 2014, chun maoirseacht a dh\u00e9anamh ar an earn\u00e1il rialtais \u00e1iti\u00fail.<\/p>\n<p>T\u00e1 raon leathan feidhmeanna reacht\u00fala ag an gCoimisi\u00fan, agus \u00e9il\u00edtear air an m\u00e9id seo a leanas a dh\u00e9anamh go sonrach:<\/p>\n<ul>\n<li>\nGrinnscr\u00fad\u00fa a dh\u00e9anamh ar fheidhm\u00edocht aon chomhlachta rialtais \u00e1iti\u00fail i gcoinne t\u00e1scair\u00ed \u00e1bhartha arna roghn\u00fa ag an gCoimisi\u00fan (agus seirbh\u00eds do chustaim\u00e9ir\u00ed san \u00e1ireamh) n\u00f3 arna bhforord\u00fa i rialach\u00e1in \u00f3n Aire;\n<\/li>\n<\/ul>\n<ul>\n<li>Grinnscr\u00fad\u00fa a dh\u00e9anamh ar fheidhm\u00edocht airgeadais, lena n-\u00e1ir\u00edtear Luach ar Airgead, aon chomhlachta rialtais \u00e1iti\u00fail i leith a chuid acmhainn\u00ed airgeadais;<\/li>\n<\/ul>\n<ul>\n<li>\nTac\u00fa le dea-chleachtas (forbairt agus feabhs\u00fa) agus a gcuid feidhmeanna \u00e1 gcomhl\u00edonadh ag comhlachta\u00ed rialtais \u00e1iti\u00fail;\n<\/li>\n<\/ul>\n<ul>\n<li>Faireach\u00e1n agus meas\u00fan\u00fa a dh\u00e9anamh ar a mh\u00e9id a chlo\u00edtear le Comhaontuithe Seirbh\u00edse arna nd\u00e9anamh ag aon chomhlacht rialtais \u00e1iti\u00fail;<\/li>\n<\/ul>\n<ul>\n<li>\nMaoirseacht a dh\u00e9anamh ar an gcaoi a gcuireann comhlachta\u00ed rialtais \u00e1iti\u00fail an beartas n\u00e1isi\u00fanta rialtais \u00e1iti\u00fail chun feidhme;\n<\/li>\n<\/ul>\n<ul>\n<li>\nFaireach\u00e1n agus meas\u00fan\u00fa a dh\u00e9anamh ar chur chun feidhme an athch\u00f3irithe ar an tseirbh\u00eds phoibl\u00ed ag comhlacht rialtais \u00e1iti\u00fail n\u00f3 go ginear\u00e1lta;\n<\/li>\n<\/ul>\n<ul>\n<li>Faireach\u00e1n a dh\u00e9anamh ar leordh\u00f3thanacht na bpleananna corpar\u00e1ideacha arna n-ullmh\u00fa ag Tion\u00f3il R\u00e9igi\u00fanacha agus comhairl\u00ed agus meas\u00fan\u00fa a dh\u00e9anamh ar chur chun feidhme na bpleananna sin ag aon chomhlacht rialtais \u00e1iti\u00fail n\u00f3 go ginear\u00e1lta;<\/li>\n<li>C\u00e9imeanna a ghlacadh faoina fheidhmeanna eile chun cr\u00edche tuarasc\u00e1il ar bith arna hiarraidh faoin Acht a shol\u00e1thar, chomh maith le tuarasc\u00e1lacha a shol\u00e1thar ar a thionscnamh f\u00e9in; agus<\/li>\n<\/ul>\n<ul>\n<li>\nAon fheidhmeanna breise a chomhl\u00edonadh, a thugtar d\u00f3 faoi ord\u00fa \u00f3n Aire.\n<\/li>\n<\/ul>\n\t<h3><strong>Cur chuige agus Cusp\u00f3ir\u00ed an Choimisi\u00fain N\u00e1isi\u00fanta Maoirseachta agus Ini\u00fach\u00f3ireachta<\/strong><\/h3>\n<p>Agus a shainord\u00fa \u00e1 chur chun feidhme ag an gCoimisi\u00fan, t\u00e1 s\u00e9 d&#8217;aidhm aige:<\/p>\n<ul>\n<li>\u00c9 f\u00e9in a bhun\u00fa ina r\u00f3l agus caidreamh oibre a chruth\u00fa lena ph\u00e1irtithe leasmhara, lena n-\u00e1ir\u00edtear an Roinn Tith\u00edochta,Rialtais \u00c1iti\u00fail agus Oidhreachta na Pr\u00edomhfheidhmeannaigh agus comhalta\u00ed tofa na n-\u00fadar\u00e1s \u00e1iti\u00fail.<\/li>\n<\/ul>\n<ul>\n<li>Grinnscr\u00fad\u00fa bunaithe ar fhianaise a dh\u00e9anamh, lena sol\u00e1thr\u00f3far tuarasc\u00e1lacha \u00e1bhartha ar ardchaighde\u00e1n, at\u00e1 oibiacht\u00fail agus cothrom, lena gcuirfear ar chumas na hearn\u00e1la rialtais \u00e1iti\u00fail a feidhm\u00edocht a fheabhs\u00fa, agus lena gcuirfear le cult\u00far reatha an fheabhsaithe lean\u00fanaigh agus lena ndaingneofar an dea-chleachtas laistigh den ch\u00f3ras ina ioml\u00e1ine.<\/li>\n<\/ul>\n<ul>\n<li>Luach a chur leis an earn\u00e1il rialtais \u00e1iti\u00fail agus molta\u00ed a shol\u00e1thar chun cur leis na h\u00e9ifeacht\u00falachta\u00ed agus na coigiltis a baineadh amach san earn\u00e1il go dt\u00ed seo, agus b\u00e9im \u00e1 cur ar sheirbh\u00eds do chustaim\u00e9ir\u00ed agus cost-\u00e9ifeacht\u00falacht<\/li>\n<\/ul>\n<ul>\n<li>\nCur chuige comhoibr\u00edoch a chur ar bun leis na comhlachta\u00ed agus gn\u00edomhaireachta\u00ed \u00e1bhartha at\u00e1 ag cro\u00edl\u00e1r obair an Choimisi\u00fain.\n<\/li>\n<\/ul>\n<ul>\n<li>Na gn\u00e9ithe sin d&#8217;fheidhmeanna agus gn\u00edomha\u00edochta\u00ed \u00fadar\u00e1is \u00e1iti\u00fail at\u00e1 t\u00e1bhachtach don saor\u00e1nach\/chustaim\u00e9ir a shainaithint agus d\u00edri\u00fa orthu.<\/li>\n<\/ul>\n<ul>\n<li>Caidreamh a \u00e9asc\u00fa le feidhm\u00edocht fheabhsaithe, agus Faireach\u00e1n a dh\u00e9anamh ar leordh\u00f3thanacht phleananna corpar\u00e1ideacha na n-\u00fadar\u00e1s \u00e1iti\u00fail agus meas\u00fan\u00fa a dh\u00e9anamh ar an gcaoi a bhfuil na pleananna sin \u00e1 gcur chun feidhme.<\/li>\n<\/ul>\n<p>I measc phr\u00edomhghn\u00edomha\u00edochta\u00ed an Choimisi\u00fain t\u00e1 T\u00e1scair\u00ed Feidhm\u00edochta, Pleananna Corpar\u00e1ideacha, C\u00f3d Caiteachais Phoibl\u00ed agus an Cl\u00e1r Grinnscr\u00fadaithe\/Cruinnithe Pr\u00f3if\u00edle.<\/p>\nD\u00e9anann roinnt gr\u00fapa\u00ed oibre tromlach na hoibre don Choimisi\u00fan, a buna\u00edodh chun d\u00edri\u00fa ar r\u00e9ims\u00ed \u00e1irithe agus chun tionscadail \u00e9ags\u00fala a bhr\u00fa ar aghaidh. Is iad sin:\n<ul>\n<li>\nGO1: &#8211; Rialachas, \u00c9ifeacht\u00falacht agus Athch\u00f3iri\u00fa Rialtais \u00c1iti\u00fail\n<\/li>\n<li>\nGO2: &#8211; T\u00e1scair\u00ed Feidhm\u00edochta\n<\/li>\n<li>\nGO3: &#8211; Cumars\u00e1id agus Suirbh\u00e9 Custaim\u00e9ir\u00ed\n<\/li>\n<li>\nGO4: &#8211; Feidhm\u00edocht agus Bainist\u00edocht Airgeadais\n<\/li>\n<\/ul>\nD\u00e9anann an Cathaoirleach obair eile an Choimisi\u00fain go d\u00edreach \u00e9\/\u00ed f\u00e9in.\n<p>Is \u00ed an Roinn Tith\u00edochta, Rialtais \u00c1iti\u00fail agus Oidhreachta a shol\u00e1thra\u00edonn seirbh\u00eds\u00ed r\u00fana\u00edochta agus seirbh\u00eds\u00ed coimhdeacha don Choimisi\u00fan. T\u00e1 oibr\u00edochta\u00ed an Choimisi\u00fain neamhsple\u00e1ch \u00e1fach, mar a \u00e9il\u00edtear sa reachta\u00edocht.<\/p>\n\n","protected":false},"excerpt":{"rendered":"<div class=\"entry-summary\">\n<div class=\"entry-summary\">\nC\u00falra agus strucht\u00far R\u00e1iteas Misin an Choimisi\u00fain N\u00e1isi\u00fanta Maoirseachta agus Ini\u00fach\u00f3ireachta D\u00e9anfaidh an Coimisi\u00fan maoirseacht neamhsple\u00e1ch ar an earn\u00e1il rialtais&hellip;\n<\/div>\n<div class=\"link-more\"><a href=\"https:\/\/www.noac.ie\/ga\/eolas-faoin-noac-agus-iniuchoireachta\/\" class=\"more-link\">Continue reading<span class=\"screen-reader-text\"> &ldquo;C\u00falra agus strucht\u00far&rdquo;<\/span>&hellip;<\/a><\/div>\n<\/div>\n<div class=\"link-more\"><a href=\"https:\/\/www.noac.ie\/ga\/eolas-faoin-noac-agus-iniuchoireachta\/\" class=\"more-link\">Continue reading<span class=\"screen-reader-text\"> &ldquo;C\u00falra agus strucht\u00far&rdquo;<\/span>&hellip;<\/a><\/div>\n","protected":false},"author":8,"featured_media":0,"parent":0,"menu_order":0,"comment_status":"closed","ping_status":"closed","template":"","meta":{"_acf_changed":false,"footnotes":""},"class_list":["post-2893","page","type-page","status-publish","hentry","entry"],"acf":[],"yoast_head":"<!-- This site is optimized with the Yoast SEO plugin v27.2 - https:\/\/yoast.com\/product\/yoast-seo-wordpress\/ -->\n<title>C\u00falra agus strucht\u00far - National Oversight &amp; Audit Commission<\/title>\n<meta name=\"robots\" content=\"index, follow, max-snippet:-1, max-image-preview:large, max-video-preview:-1\" \/>\n<link rel=\"canonical\" href=\"https:\/\/www.noac.ie\/ga\/eolas-faoin-noac-agus-iniuchoireachta\/\" \/>\n<meta property=\"og:locale\" content=\"ga_IE\" \/>\n<meta property=\"og:type\" content=\"article\" \/>\n<meta property=\"og:title\" content=\"C\u00falra agus strucht\u00far - National Oversight &amp; Audit Commission\" \/>\n<meta property=\"og:description\" content=\"C\u00falra agus strucht\u00far R\u00e1iteas Misin an Choimisi\u00fain N\u00e1isi\u00fanta Maoirseachta agus Ini\u00fach\u00f3ireachta D\u00e9anfaidh an Coimisi\u00fan maoirseacht neamhsple\u00e1ch ar an earn\u00e1il rialtais&hellip; Continue reading &ldquo;C\u00falra agus strucht\u00far&rdquo;&hellip;\" \/>\n<meta property=\"og:url\" content=\"https:\/\/www.noac.ie\/ga\/eolas-faoin-noac-agus-iniuchoireachta\/\" \/>\n<meta property=\"og:site_name\" content=\"National Oversight &amp; Audit Commission\" \/>\n<meta property=\"article:modified_time\" content=\"2023-05-18T11:06:12+00:00\" \/>\n<meta name=\"twitter:card\" content=\"summary_large_image\" \/>\n<meta name=\"twitter:label1\" content=\"Est. reading time\" \/>\n\t<meta name=\"twitter:data1\" content=\"3 minutes\" \/>\n<script type=\"application\/ld+json\" class=\"yoast-schema-graph\">{\"@context\":\"https:\/\/schema.org\",\"@graph\":[{\"@type\":\"WebPage\",\"@id\":\"https:\/\/www.noac.ie\/ga\/eolas-faoin-noac-agus-iniuchoireachta\/\",\"url\":\"https:\/\/www.noac.ie\/ga\/eolas-faoin-noac-agus-iniuchoireachta\/\",\"name\":\"C\u00falra agus strucht\u00far - National Oversight &amp; Audit Commission\",\"isPartOf\":{\"@id\":\"https:\/\/www.noac.ie\/ga\/#website\"},\"datePublished\":\"2019-10-21T08:51:58+00:00\",\"dateModified\":\"2023-05-18T11:06:12+00:00\",\"breadcrumb\":{\"@id\":\"https:\/\/www.noac.ie\/ga\/eolas-faoin-noac-agus-iniuchoireachta\/#breadcrumb\"},\"inLanguage\":\"ga-IE\",\"potentialAction\":[{\"@type\":\"ReadAction\",\"target\":[\"https:\/\/www.noac.ie\/ga\/eolas-faoin-noac-agus-iniuchoireachta\/\"]}]},{\"@type\":\"BreadcrumbList\",\"@id\":\"https:\/\/www.noac.ie\/ga\/eolas-faoin-noac-agus-iniuchoireachta\/#breadcrumb\",\"itemListElement\":[{\"@type\":\"ListItem\",\"position\":1,\"name\":\"Home\",\"item\":\"https:\/\/www.noac.ie\/ga\/\"},{\"@type\":\"ListItem\",\"position\":2,\"name\":\"C\u00falra agus strucht\u00far\"}]},{\"@type\":\"WebSite\",\"@id\":\"https:\/\/www.noac.ie\/ga\/#website\",\"url\":\"https:\/\/www.noac.ie\/ga\/\",\"name\":\"National Oversight & Audit Commission\",\"description\":\"Providing national oversight of local government in Ireland\",\"publisher\":{\"@id\":\"https:\/\/www.noac.ie\/ga\/#organization\"},\"alternateName\":\"NOAC\",\"potentialAction\":[{\"@type\":\"SearchAction\",\"target\":{\"@type\":\"EntryPoint\",\"urlTemplate\":\"https:\/\/www.noac.ie\/ga\/?s={search_term_string}\"},\"query-input\":{\"@type\":\"PropertyValueSpecification\",\"valueRequired\":true,\"valueName\":\"search_term_string\"}}],\"inLanguage\":\"ga-IE\"},{\"@type\":\"Organization\",\"@id\":\"https:\/\/www.noac.ie\/ga\/#organization\",\"name\":\"National Oversight and Audit Commission\",\"alternateName\":\"NOAC\",\"url\":\"https:\/\/www.noac.ie\/ga\/\",\"logo\":{\"@type\":\"ImageObject\",\"inLanguage\":\"ga-IE\",\"@id\":\"https:\/\/www.noac.ie\/ga\/#\/schema\/logo\/image\/\",\"url\":\"https:\/\/cdn.noac.ie\/wp-content\/uploads\/2020\/04\/national-oversight-and-auditing-commission-logo.jpg\",\"contentUrl\":\"https:\/\/cdn.noac.ie\/wp-content\/uploads\/2020\/04\/national-oversight-and-auditing-commission-logo.jpg\",\"width\":336,\"height\":122,\"caption\":\"National Oversight and Audit Commission\"},\"image\":{\"@id\":\"https:\/\/www.noac.ie\/ga\/#\/schema\/logo\/image\/\"}}]}<\/script>\n<!-- \/ Yoast SEO plugin. -->","yoast_head_json":{"title":"C\u00falra agus strucht\u00far - National Oversight &amp; Audit Commission","robots":{"index":"index","follow":"follow","max-snippet":"max-snippet:-1","max-image-preview":"max-image-preview:large","max-video-preview":"max-video-preview:-1"},"canonical":"https:\/\/www.noac.ie\/ga\/eolas-faoin-noac-agus-iniuchoireachta\/","og_locale":"ga_IE","og_type":"article","og_title":"C\u00falra agus strucht\u00far - National Oversight &amp; Audit Commission","og_description":"C\u00falra agus strucht\u00far R\u00e1iteas Misin an Choimisi\u00fain N\u00e1isi\u00fanta Maoirseachta agus Ini\u00fach\u00f3ireachta D\u00e9anfaidh an Coimisi\u00fan maoirseacht neamhsple\u00e1ch ar an earn\u00e1il rialtais&hellip; Continue reading &ldquo;C\u00falra agus strucht\u00far&rdquo;&hellip;","og_url":"https:\/\/www.noac.ie\/ga\/eolas-faoin-noac-agus-iniuchoireachta\/","og_site_name":"National Oversight &amp; Audit Commission","article_modified_time":"2023-05-18T11:06:12+00:00","twitter_card":"summary_large_image","twitter_misc":{"Est. reading time":"3 minutes"},"schema":{"@context":"https:\/\/schema.org","@graph":[{"@type":"WebPage","@id":"https:\/\/www.noac.ie\/ga\/eolas-faoin-noac-agus-iniuchoireachta\/","url":"https:\/\/www.noac.ie\/ga\/eolas-faoin-noac-agus-iniuchoireachta\/","name":"C\u00falra agus strucht\u00far - National Oversight &amp; Audit Commission","isPartOf":{"@id":"https:\/\/www.noac.ie\/ga\/#website"},"datePublished":"2019-10-21T08:51:58+00:00","dateModified":"2023-05-18T11:06:12+00:00","breadcrumb":{"@id":"https:\/\/www.noac.ie\/ga\/eolas-faoin-noac-agus-iniuchoireachta\/#breadcrumb"},"inLanguage":"ga-IE","potentialAction":[{"@type":"ReadAction","target":["https:\/\/www.noac.ie\/ga\/eolas-faoin-noac-agus-iniuchoireachta\/"]}]},{"@type":"BreadcrumbList","@id":"https:\/\/www.noac.ie\/ga\/eolas-faoin-noac-agus-iniuchoireachta\/#breadcrumb","itemListElement":[{"@type":"ListItem","position":1,"name":"Home","item":"https:\/\/www.noac.ie\/ga\/"},{"@type":"ListItem","position":2,"name":"C\u00falra agus strucht\u00far"}]},{"@type":"WebSite","@id":"https:\/\/www.noac.ie\/ga\/#website","url":"https:\/\/www.noac.ie\/ga\/","name":"National Oversight & Audit Commission","description":"Providing national oversight of local government in Ireland","publisher":{"@id":"https:\/\/www.noac.ie\/ga\/#organization"},"alternateName":"NOAC","potentialAction":[{"@type":"SearchAction","target":{"@type":"EntryPoint","urlTemplate":"https:\/\/www.noac.ie\/ga\/?s={search_term_string}"},"query-input":{"@type":"PropertyValueSpecification","valueRequired":true,"valueName":"search_term_string"}}],"inLanguage":"ga-IE"},{"@type":"Organization","@id":"https:\/\/www.noac.ie\/ga\/#organization","name":"National Oversight and Audit Commission","alternateName":"NOAC","url":"https:\/\/www.noac.ie\/ga\/","logo":{"@type":"ImageObject","inLanguage":"ga-IE","@id":"https:\/\/www.noac.ie\/ga\/#\/schema\/logo\/image\/","url":"https:\/\/cdn.noac.ie\/wp-content\/uploads\/2020\/04\/national-oversight-and-auditing-commission-logo.jpg","contentUrl":"https:\/\/cdn.noac.ie\/wp-content\/uploads\/2020\/04\/national-oversight-and-auditing-commission-logo.jpg","width":336,"height":122,"caption":"National Oversight and Audit Commission"},"image":{"@id":"https:\/\/www.noac.ie\/ga\/#\/schema\/logo\/image\/"}}]}},"_links":{"self":[{"href":"https:\/\/www.noac.ie\/ga\/wp-json\/wp\/v2\/pages\/2893","targetHints":{"allow":["GET"]}}],"collection":[{"href":"https:\/\/www.noac.ie\/ga\/wp-json\/wp\/v2\/pages"}],"about":[{"href":"https:\/\/www.noac.ie\/ga\/wp-json\/wp\/v2\/types\/page"}],"author":[{"embeddable":true,"href":"https:\/\/www.noac.ie\/ga\/wp-json\/wp\/v2\/users\/8"}],"replies":[{"embeddable":true,"href":"https:\/\/www.noac.ie\/ga\/wp-json\/wp\/v2\/comments?post=2893"}],"version-history":[{"count":0,"href":"https:\/\/www.noac.ie\/ga\/wp-json\/wp\/v2\/pages\/2893\/revisions"}],"wp:attachment":[{"href":"https:\/\/www.noac.ie\/ga\/wp-json\/wp\/v2\/media?parent=2893"}],"curies":[{"name":"wp","href":"https:\/\/api.w.org\/{rel}","templated":true}]}}