{"id":3000,"date":"2020-06-24T13:36:38","date_gmt":"2020-06-24T12:36:38","guid":{"rendered":"http:\/\/dev-site.noac.ie\/?page_id=3000"},"modified":"2025-01-21T16:37:03","modified_gmt":"2025-01-21T16:37:03","slug":"comhaltai-an-bhoird","status":"publish","type":"page","link":"https:\/\/www.noac.ie\/ga\/comhaltai-an-bhoird\/","title":{"rendered":"COMHALTA\u00cd AN BHOIRD"},"content":{"rendered":"\n\n\t\t\t\t<img loading=\"lazy\" decoding=\"async\" src=\"https:\/\/cdn.noac.ie\/wp-content\/uploads\/2024\/11\/imageedit_1_7096262306-150x150.png\" alt=\"John Byrne\" itemprop=\"image\" height=\"150\" width=\"150\" title=\"imageedit_1_7096262306\" onerror=\"this.style.display='none'\"  \/>\n\t<h3>John Byrne<\/h3>\n<p>Chuaigh John Byrne ar scor mar Phr\u00edomhfheidhmeannach ar Chluich\u00ed Pobail ar 30 Me\u00e1n F\u00f3mhair 2019 tar \u00e9is gairm fhada in eagra\u00edochta\u00ed sp\u00f3irt na h\u00c9ireann. Sular ghlac s\u00e9 r\u00f3l CE i gCluich\u00ed Pobail bh\u00ed s\u00e9 ina Sti\u00farth\u00f3ir ar Thionscadail Speisialta le Cumann Peile na h\u00c9ireann ar feadh breis agus deich mbliana. Lean John lena ph\u00e1irt i bPeil na h\u00c9ireann ar bhonn deonach agus t\u00e1 s\u00e9 ina Chathaoirleach faoi l\u00e1thair ar Chumann Peile Chonnacht, ina bhall de Choiste Idirn\u00e1isi\u00fanta agus Ardfheidhm\u00edochta an FAI agus ina Thoscaire ar Chluiche Shraith na h\u00c9ireann. I m\u00ed I\u00fail 2022 bronnadh Ballra\u00edocht Oinigh Saoil de Chumann Peile na h\u00c9ireann air. D&#8217;fh\u00f3in John roimhe seo ar Bhoird Chomhairle Sp\u00f3irt na h\u00c9ireann agus an \u00dadar\u00e1is Sl\u00e1inte agus S\u00e1bh\u00e1ilteachta. Bh\u00ed s\u00e9 ina bhall freisin de Choist\u00ed Iompair Ghairmi\u00fail Chumann C\u00f3gaiseoir\u00ed na h\u00c9ireann agus de C\u00d3R\u00da.<\/p>\n<p>&nbsp;<\/p>\n\t<h3>Fol\u00fantais faoi L\u00e1thair ar Bhord an Choimisi\u00fain N\u00e1isi\u00fanta Maoirseachta agus Ini\u00fach\u00f3ireachta<\/h3>\nFol\u00fantais NOAC a fh\u00f3gairt mar is g\u00e1 ag\u00a0<strong><a href=\"http:\/\/stateboards.ie\/stateboards\/\" target=\"_blank\" rel=\"noopener\" data-saferedirecturl=\"https:\/\/www.google.com\/url?q=http:\/\/stateboards.ie\/stateboards\/&amp;source=gmail&amp;ust=1598518965395000&amp;usg=AFQjCNFYXwphiWebBevXuXF-8nJ9nfx4cg\">StateBoards.ie<\/a><\/strong>\n\t\t\t<a href=\"http:\/\/www.stateboards.ie\/stateboards\/?lang=ga\" target=\"_blank\" rel=\"noopener\">\n\t\t\t\t\t\t\tFOGHLAIM N\u00cdOS\n\t\t\t\t\t<\/a>\n\n","protected":false},"excerpt":{"rendered":"<div class=\"entry-summary\">\n<div class=\"entry-summary\">\nJohn Byrne Chuaigh John Byrne ar scor mar Phr\u00edomhfheidhmeannach ar Chluich\u00ed Pobail ar 30 Me\u00e1n F\u00f3mhair 2019 tar \u00e9is gairm&hellip;\n<\/div>\n<div class=\"link-more\"><a href=\"https:\/\/www.noac.ie\/ga\/comhaltai-an-bhoird\/\" class=\"more-link\">Continue reading<span class=\"screen-reader-text\"> &ldquo;COMHALTA\u00cd AN BHOIRD&rdquo;<\/span>&hellip;<\/a><\/div>\n<\/div>\n<div class=\"link-more\"><a href=\"https:\/\/www.noac.ie\/ga\/comhaltai-an-bhoird\/\" class=\"more-link\">Continue reading<span class=\"screen-reader-text\"> &ldquo;COMHALTA\u00cd AN BHOIRD&rdquo;<\/span>&hellip;<\/a><\/div>\n","protected":false},"author":8,"featured_media":0,"parent":0,"menu_order":0,"comment_status":"closed","ping_status":"closed","template":"","meta":{"_acf_changed":false,"footnotes":""},"class_list":["post-3000","page","type-page","status-publish","hentry","entry"],"acf":[],"yoast_head":"<!-- This site is optimized with the Yoast SEO plugin v27.2 - https:\/\/yoast.com\/product\/yoast-seo-wordpress\/ -->\n<title>COMHALTA\u00cd AN BHOIRD - National Oversight &amp; Audit Commission<\/title>\n<meta name=\"robots\" content=\"index, follow, max-snippet:-1, max-image-preview:large, max-video-preview:-1\" \/>\n<link rel=\"canonical\" href=\"https:\/\/www.noac.ie\/ga\/comhaltai-an-bhoird\/\" \/>\n<meta property=\"og:locale\" content=\"ga_IE\" \/>\n<meta property=\"og:type\" content=\"article\" \/>\n<meta property=\"og:title\" content=\"COMHALTA\u00cd AN BHOIRD - National Oversight &amp; Audit Commission\" \/>\n<meta property=\"og:description\" content=\"John Byrne Chuaigh John Byrne ar scor mar Phr\u00edomhfheidhmeannach ar Chluich\u00ed Pobail ar 30 Me\u00e1n F\u00f3mhair 2019 tar \u00e9is gairm&hellip; Continue reading &ldquo;COMHALTA\u00cd AN BHOIRD&rdquo;&hellip;\" \/>\n<meta property=\"og:url\" content=\"https:\/\/www.noac.ie\/ga\/comhaltai-an-bhoird\/\" \/>\n<meta property=\"og:site_name\" content=\"National Oversight &amp; Audit Commission\" \/>\n<meta property=\"article:modified_time\" content=\"2025-01-21T16:37:03+00:00\" \/>\n<meta property=\"og:image\" content=\"https:\/\/www.noac.ie\/wp-content\/uploads\/2024\/11\/imageedit_1_7096262306-150x150.png\" \/>\n<meta name=\"twitter:card\" content=\"summary_large_image\" \/>\n<meta name=\"twitter:label1\" content=\"Est. reading time\" \/>\n\t<meta name=\"twitter:data1\" content=\"16 minutes\" \/>\n<script type=\"application\/ld+json\" class=\"yoast-schema-graph\">{\"@context\":\"https:\/\/schema.org\",\"@graph\":[{\"@type\":\"WebPage\",\"@id\":\"https:\/\/www.noac.ie\/ga\/comhaltai-an-bhoird\/\",\"url\":\"https:\/\/www.noac.ie\/ga\/comhaltai-an-bhoird\/\",\"name\":\"COMHALTA\u00cd AN BHOIRD - National Oversight &amp; Audit Commission\",\"isPartOf\":{\"@id\":\"https:\/\/www.noac.ie\/ga\/#website\"},\"primaryImageOfPage\":{\"@id\":\"https:\/\/www.noac.ie\/ga\/comhaltai-an-bhoird\/#primaryimage\"},\"image\":{\"@id\":\"https:\/\/www.noac.ie\/ga\/comhaltai-an-bhoird\/#primaryimage\"},\"thumbnailUrl\":\"https:\/\/www.noac.ie\/wp-content\/uploads\/2024\/11\/imageedit_1_7096262306-150x150.png\",\"datePublished\":\"2020-06-24T12:36:38+00:00\",\"dateModified\":\"2025-01-21T16:37:03+00:00\",\"breadcrumb\":{\"@id\":\"https:\/\/www.noac.ie\/ga\/comhaltai-an-bhoird\/#breadcrumb\"},\"inLanguage\":\"ga-IE\",\"potentialAction\":[{\"@type\":\"ReadAction\",\"target\":[\"https:\/\/www.noac.ie\/ga\/comhaltai-an-bhoird\/\"]}]},{\"@type\":\"ImageObject\",\"inLanguage\":\"ga-IE\",\"@id\":\"https:\/\/www.noac.ie\/ga\/comhaltai-an-bhoird\/#primaryimage\",\"url\":\"https:\/\/www.noac.ie\/wp-content\/uploads\/2024\/11\/imageedit_1_7096262306-150x150.png\",\"contentUrl\":\"https:\/\/www.noac.ie\/wp-content\/uploads\/2024\/11\/imageedit_1_7096262306-150x150.png\"},{\"@type\":\"BreadcrumbList\",\"@id\":\"https:\/\/www.noac.ie\/ga\/comhaltai-an-bhoird\/#breadcrumb\",\"itemListElement\":[{\"@type\":\"ListItem\",\"position\":1,\"name\":\"Home\",\"item\":\"https:\/\/www.noac.ie\/ga\/\"},{\"@type\":\"ListItem\",\"position\":2,\"name\":\"COMHALTA\u00cd AN BHOIRD\"}]},{\"@type\":\"WebSite\",\"@id\":\"https:\/\/www.noac.ie\/ga\/#website\",\"url\":\"https:\/\/www.noac.ie\/ga\/\",\"name\":\"National Oversight & Audit Commission\",\"description\":\"Providing national oversight of local government in Ireland\",\"publisher\":{\"@id\":\"https:\/\/www.noac.ie\/ga\/#organization\"},\"alternateName\":\"NOAC\",\"potentialAction\":[{\"@type\":\"SearchAction\",\"target\":{\"@type\":\"EntryPoint\",\"urlTemplate\":\"https:\/\/www.noac.ie\/ga\/?s={search_term_string}\"},\"query-input\":{\"@type\":\"PropertyValueSpecification\",\"valueRequired\":true,\"valueName\":\"search_term_string\"}}],\"inLanguage\":\"ga-IE\"},{\"@type\":\"Organization\",\"@id\":\"https:\/\/www.noac.ie\/ga\/#organization\",\"name\":\"National Oversight and Audit Commission\",\"alternateName\":\"NOAC\",\"url\":\"https:\/\/www.noac.ie\/ga\/\",\"logo\":{\"@type\":\"ImageObject\",\"inLanguage\":\"ga-IE\",\"@id\":\"https:\/\/www.noac.ie\/ga\/#\/schema\/logo\/image\/\",\"url\":\"https:\/\/cdn.noac.ie\/wp-content\/uploads\/2020\/04\/national-oversight-and-auditing-commission-logo.jpg\",\"contentUrl\":\"https:\/\/cdn.noac.ie\/wp-content\/uploads\/2020\/04\/national-oversight-and-auditing-commission-logo.jpg\",\"width\":336,\"height\":122,\"caption\":\"National Oversight and Audit Commission\"},\"image\":{\"@id\":\"https:\/\/www.noac.ie\/ga\/#\/schema\/logo\/image\/\"}}]}<\/script>\n<!-- \/ Yoast SEO plugin. -->","yoast_head_json":{"title":"COMHALTA\u00cd AN BHOIRD - National Oversight &amp; Audit Commission","robots":{"index":"index","follow":"follow","max-snippet":"max-snippet:-1","max-image-preview":"max-image-preview:large","max-video-preview":"max-video-preview:-1"},"canonical":"https:\/\/www.noac.ie\/ga\/comhaltai-an-bhoird\/","og_locale":"ga_IE","og_type":"article","og_title":"COMHALTA\u00cd AN BHOIRD - National Oversight &amp; Audit Commission","og_description":"John Byrne Chuaigh John Byrne ar scor mar Phr\u00edomhfheidhmeannach ar Chluich\u00ed Pobail ar 30 Me\u00e1n F\u00f3mhair 2019 tar \u00e9is gairm&hellip; Continue reading &ldquo;COMHALTA\u00cd AN BHOIRD&rdquo;&hellip;","og_url":"https:\/\/www.noac.ie\/ga\/comhaltai-an-bhoird\/","og_site_name":"National Oversight &amp; Audit Commission","article_modified_time":"2025-01-21T16:37:03+00:00","og_image":[{"url":"https:\/\/www.noac.ie\/wp-content\/uploads\/2024\/11\/imageedit_1_7096262306-150x150.png","type":"","width":"","height":""}],"twitter_card":"summary_large_image","twitter_misc":{"Est. reading time":"16 minutes"},"schema":{"@context":"https:\/\/schema.org","@graph":[{"@type":"WebPage","@id":"https:\/\/www.noac.ie\/ga\/comhaltai-an-bhoird\/","url":"https:\/\/www.noac.ie\/ga\/comhaltai-an-bhoird\/","name":"COMHALTA\u00cd AN BHOIRD - National Oversight &amp; Audit Commission","isPartOf":{"@id":"https:\/\/www.noac.ie\/ga\/#website"},"primaryImageOfPage":{"@id":"https:\/\/www.noac.ie\/ga\/comhaltai-an-bhoird\/#primaryimage"},"image":{"@id":"https:\/\/www.noac.ie\/ga\/comhaltai-an-bhoird\/#primaryimage"},"thumbnailUrl":"https:\/\/www.noac.ie\/wp-content\/uploads\/2024\/11\/imageedit_1_7096262306-150x150.png","datePublished":"2020-06-24T12:36:38+00:00","dateModified":"2025-01-21T16:37:03+00:00","breadcrumb":{"@id":"https:\/\/www.noac.ie\/ga\/comhaltai-an-bhoird\/#breadcrumb"},"inLanguage":"ga-IE","potentialAction":[{"@type":"ReadAction","target":["https:\/\/www.noac.ie\/ga\/comhaltai-an-bhoird\/"]}]},{"@type":"ImageObject","inLanguage":"ga-IE","@id":"https:\/\/www.noac.ie\/ga\/comhaltai-an-bhoird\/#primaryimage","url":"https:\/\/www.noac.ie\/wp-content\/uploads\/2024\/11\/imageedit_1_7096262306-150x150.png","contentUrl":"https:\/\/www.noac.ie\/wp-content\/uploads\/2024\/11\/imageedit_1_7096262306-150x150.png"},{"@type":"BreadcrumbList","@id":"https:\/\/www.noac.ie\/ga\/comhaltai-an-bhoird\/#breadcrumb","itemListElement":[{"@type":"ListItem","position":1,"name":"Home","item":"https:\/\/www.noac.ie\/ga\/"},{"@type":"ListItem","position":2,"name":"COMHALTA\u00cd AN BHOIRD"}]},{"@type":"WebSite","@id":"https:\/\/www.noac.ie\/ga\/#website","url":"https:\/\/www.noac.ie\/ga\/","name":"National Oversight & Audit Commission","description":"Providing national oversight of local government in Ireland","publisher":{"@id":"https:\/\/www.noac.ie\/ga\/#organization"},"alternateName":"NOAC","potentialAction":[{"@type":"SearchAction","target":{"@type":"EntryPoint","urlTemplate":"https:\/\/www.noac.ie\/ga\/?s={search_term_string}"},"query-input":{"@type":"PropertyValueSpecification","valueRequired":true,"valueName":"search_term_string"}}],"inLanguage":"ga-IE"},{"@type":"Organization","@id":"https:\/\/www.noac.ie\/ga\/#organization","name":"National Oversight and Audit Commission","alternateName":"NOAC","url":"https:\/\/www.noac.ie\/ga\/","logo":{"@type":"ImageObject","inLanguage":"ga-IE","@id":"https:\/\/www.noac.ie\/ga\/#\/schema\/logo\/image\/","url":"https:\/\/cdn.noac.ie\/wp-content\/uploads\/2020\/04\/national-oversight-and-auditing-commission-logo.jpg","contentUrl":"https:\/\/cdn.noac.ie\/wp-content\/uploads\/2020\/04\/national-oversight-and-auditing-commission-logo.jpg","width":336,"height":122,"caption":"National Oversight and Audit Commission"},"image":{"@id":"https:\/\/www.noac.ie\/ga\/#\/schema\/logo\/image\/"}}]}},"_links":{"self":[{"href":"https:\/\/www.noac.ie\/ga\/wp-json\/wp\/v2\/pages\/3000","targetHints":{"allow":["GET"]}}],"collection":[{"href":"https:\/\/www.noac.ie\/ga\/wp-json\/wp\/v2\/pages"}],"about":[{"href":"https:\/\/www.noac.ie\/ga\/wp-json\/wp\/v2\/types\/page"}],"author":[{"embeddable":true,"href":"https:\/\/www.noac.ie\/ga\/wp-json\/wp\/v2\/users\/8"}],"replies":[{"embeddable":true,"href":"https:\/\/www.noac.ie\/ga\/wp-json\/wp\/v2\/comments?post=3000"}],"version-history":[{"count":51,"href":"https:\/\/www.noac.ie\/ga\/wp-json\/wp\/v2\/pages\/3000\/revisions"}],"predecessor-version":[{"id":10502,"href":"https:\/\/www.noac.ie\/ga\/wp-json\/wp\/v2\/pages\/3000\/revisions\/10502"}],"wp:attachment":[{"href":"https:\/\/www.noac.ie\/ga\/wp-json\/wp\/v2\/media?parent=3000"}],"curies":[{"name":"wp","href":"https:\/\/api.w.org\/{rel}","templated":true}]}}