{"id":3017,"date":"2020-06-05T11:05:29","date_gmt":"2020-06-05T11:05:29","guid":{"rendered":"http:\/\/dev-site.noac.ie\/?page_id=3017"},"modified":"2021-01-08T20:56:25","modified_gmt":"2021-01-08T20:56:25","slug":"rialu-corparaideach","status":"publish","type":"page","link":"https:\/\/www.noac.ie\/ga\/rialu-corparaideach\/","title":{"rendered":"Rial\u00fa Corpar\u00e1ideach"},"content":{"rendered":"\n\n\t<h1>Rial\u00fa Corpar\u00e1ideach<\/h1>\n\t<h3>T\u00e1 foilseach\u00e1in luaite th\u00edos a bhaineann le bun\u00fa agus iompra\u00edocht an Choimisi\u00fain. M\u00edn\u00edtear pleananna oibre bliant\u00fala agus strait\u00e9is an Choimisi\u00fain anseo chomh maith.<\/h3>\n\t\n\n","protected":false},"excerpt":{"rendered":"<div class=\"entry-summary\">\n<div class=\"entry-summary\">\nRial\u00fa Corpar\u00e1ideach T\u00e1 foilseach\u00e1in luaite th\u00edos a bhaineann le bun\u00fa agus iompra\u00edocht an Choimisi\u00fain. M\u00edn\u00edtear pleananna oibre bliant\u00fala agus strait\u00e9is&hellip;\n<\/div>\n<div class=\"link-more\"><a href=\"https:\/\/www.noac.ie\/ga\/rialu-corparaideach\/\" class=\"more-link\">Continue reading<span class=\"screen-reader-text\"> &ldquo;Rial\u00fa Corpar\u00e1ideach&rdquo;<\/span>&hellip;<\/a><\/div>\n<\/div>\n<div class=\"link-more\"><a href=\"https:\/\/www.noac.ie\/ga\/rialu-corparaideach\/\" class=\"more-link\">Continue reading<span class=\"screen-reader-text\"> &ldquo;Rial\u00fa Corpar\u00e1ideach&rdquo;<\/span>&hellip;<\/a><\/div>\n","protected":false},"author":8,"featured_media":0,"parent":0,"menu_order":0,"comment_status":"closed","ping_status":"closed","template":"","meta":{"_acf_changed":false,"footnotes":""},"class_list":["post-3017","page","type-page","status-publish","hentry","entry"],"acf":[],"yoast_head":"<!-- This site is optimized with the Yoast SEO plugin v27.2 - https:\/\/yoast.com\/product\/yoast-seo-wordpress\/ -->\n<title>Rial\u00fa Corpar\u00e1ideach - National Oversight &amp; Audit Commission<\/title>\n<meta name=\"robots\" content=\"index, follow, max-snippet:-1, max-image-preview:large, max-video-preview:-1\" \/>\n<link rel=\"canonical\" href=\"https:\/\/www.noac.ie\/ga\/rialu-corparaideach\/\" \/>\n<meta property=\"og:locale\" content=\"ga_IE\" \/>\n<meta property=\"og:type\" content=\"article\" \/>\n<meta property=\"og:title\" content=\"Rial\u00fa Corpar\u00e1ideach - National Oversight &amp; Audit Commission\" \/>\n<meta property=\"og:description\" content=\"Rial\u00fa Corpar\u00e1ideach T\u00e1 foilseach\u00e1in luaite th\u00edos a bhaineann le bun\u00fa agus iompra\u00edocht an Choimisi\u00fain. M\u00edn\u00edtear pleananna oibre bliant\u00fala agus strait\u00e9is&hellip; Continue reading &ldquo;Rial\u00fa Corpar\u00e1ideach&rdquo;&hellip;\" \/>\n<meta property=\"og:url\" content=\"https:\/\/www.noac.ie\/ga\/rialu-corparaideach\/\" \/>\n<meta property=\"og:site_name\" content=\"National Oversight &amp; Audit Commission\" \/>\n<meta property=\"article:modified_time\" content=\"2021-01-08T20:56:25+00:00\" \/>\n<meta name=\"twitter:card\" content=\"summary_large_image\" \/>\n<script type=\"application\/ld+json\" class=\"yoast-schema-graph\">{\"@context\":\"https:\/\/schema.org\",\"@graph\":[{\"@type\":\"WebPage\",\"@id\":\"https:\/\/www.noac.ie\/ga\/rialu-corparaideach\/\",\"url\":\"https:\/\/www.noac.ie\/ga\/rialu-corparaideach\/\",\"name\":\"Rial\u00fa Corpar\u00e1ideach - National Oversight &amp; Audit Commission\",\"isPartOf\":{\"@id\":\"https:\/\/www.noac.ie\/ga\/#website\"},\"datePublished\":\"2020-06-05T11:05:29+00:00\",\"dateModified\":\"2021-01-08T20:56:25+00:00\",\"breadcrumb\":{\"@id\":\"https:\/\/www.noac.ie\/ga\/rialu-corparaideach\/#breadcrumb\"},\"inLanguage\":\"ga-IE\",\"potentialAction\":[{\"@type\":\"ReadAction\",\"target\":[\"https:\/\/www.noac.ie\/ga\/rialu-corparaideach\/\"]}]},{\"@type\":\"BreadcrumbList\",\"@id\":\"https:\/\/www.noac.ie\/ga\/rialu-corparaideach\/#breadcrumb\",\"itemListElement\":[{\"@type\":\"ListItem\",\"position\":1,\"name\":\"Home\",\"item\":\"https:\/\/www.noac.ie\/ga\/\"},{\"@type\":\"ListItem\",\"position\":2,\"name\":\"Rial\u00fa Corpar\u00e1ideach\"}]},{\"@type\":\"WebSite\",\"@id\":\"https:\/\/www.noac.ie\/ga\/#website\",\"url\":\"https:\/\/www.noac.ie\/ga\/\",\"name\":\"National Oversight & Audit Commission\",\"description\":\"Providing national oversight of local government in Ireland\",\"publisher\":{\"@id\":\"https:\/\/www.noac.ie\/ga\/#organization\"},\"alternateName\":\"NOAC\",\"potentialAction\":[{\"@type\":\"SearchAction\",\"target\":{\"@type\":\"EntryPoint\",\"urlTemplate\":\"https:\/\/www.noac.ie\/ga\/?s={search_term_string}\"},\"query-input\":{\"@type\":\"PropertyValueSpecification\",\"valueRequired\":true,\"valueName\":\"search_term_string\"}}],\"inLanguage\":\"ga-IE\"},{\"@type\":\"Organization\",\"@id\":\"https:\/\/www.noac.ie\/ga\/#organization\",\"name\":\"National Oversight and Audit Commission\",\"alternateName\":\"NOAC\",\"url\":\"https:\/\/www.noac.ie\/ga\/\",\"logo\":{\"@type\":\"ImageObject\",\"inLanguage\":\"ga-IE\",\"@id\":\"https:\/\/www.noac.ie\/ga\/#\/schema\/logo\/image\/\",\"url\":\"https:\/\/cdn.noac.ie\/wp-content\/uploads\/2020\/04\/national-oversight-and-auditing-commission-logo.jpg\",\"contentUrl\":\"https:\/\/cdn.noac.ie\/wp-content\/uploads\/2020\/04\/national-oversight-and-auditing-commission-logo.jpg\",\"width\":336,\"height\":122,\"caption\":\"National Oversight and Audit Commission\"},\"image\":{\"@id\":\"https:\/\/www.noac.ie\/ga\/#\/schema\/logo\/image\/\"}}]}<\/script>\n<!-- \/ Yoast SEO plugin. -->","yoast_head_json":{"title":"Rial\u00fa Corpar\u00e1ideach - National Oversight &amp; Audit Commission","robots":{"index":"index","follow":"follow","max-snippet":"max-snippet:-1","max-image-preview":"max-image-preview:large","max-video-preview":"max-video-preview:-1"},"canonical":"https:\/\/www.noac.ie\/ga\/rialu-corparaideach\/","og_locale":"ga_IE","og_type":"article","og_title":"Rial\u00fa Corpar\u00e1ideach - National Oversight &amp; Audit Commission","og_description":"Rial\u00fa Corpar\u00e1ideach T\u00e1 foilseach\u00e1in luaite th\u00edos a bhaineann le bun\u00fa agus iompra\u00edocht an Choimisi\u00fain. M\u00edn\u00edtear pleananna oibre bliant\u00fala agus strait\u00e9is&hellip; Continue reading &ldquo;Rial\u00fa Corpar\u00e1ideach&rdquo;&hellip;","og_url":"https:\/\/www.noac.ie\/ga\/rialu-corparaideach\/","og_site_name":"National Oversight &amp; Audit Commission","article_modified_time":"2021-01-08T20:56:25+00:00","twitter_card":"summary_large_image","schema":{"@context":"https:\/\/schema.org","@graph":[{"@type":"WebPage","@id":"https:\/\/www.noac.ie\/ga\/rialu-corparaideach\/","url":"https:\/\/www.noac.ie\/ga\/rialu-corparaideach\/","name":"Rial\u00fa Corpar\u00e1ideach - National Oversight &amp; Audit Commission","isPartOf":{"@id":"https:\/\/www.noac.ie\/ga\/#website"},"datePublished":"2020-06-05T11:05:29+00:00","dateModified":"2021-01-08T20:56:25+00:00","breadcrumb":{"@id":"https:\/\/www.noac.ie\/ga\/rialu-corparaideach\/#breadcrumb"},"inLanguage":"ga-IE","potentialAction":[{"@type":"ReadAction","target":["https:\/\/www.noac.ie\/ga\/rialu-corparaideach\/"]}]},{"@type":"BreadcrumbList","@id":"https:\/\/www.noac.ie\/ga\/rialu-corparaideach\/#breadcrumb","itemListElement":[{"@type":"ListItem","position":1,"name":"Home","item":"https:\/\/www.noac.ie\/ga\/"},{"@type":"ListItem","position":2,"name":"Rial\u00fa Corpar\u00e1ideach"}]},{"@type":"WebSite","@id":"https:\/\/www.noac.ie\/ga\/#website","url":"https:\/\/www.noac.ie\/ga\/","name":"National Oversight & Audit Commission","description":"Providing national oversight of local government in Ireland","publisher":{"@id":"https:\/\/www.noac.ie\/ga\/#organization"},"alternateName":"NOAC","potentialAction":[{"@type":"SearchAction","target":{"@type":"EntryPoint","urlTemplate":"https:\/\/www.noac.ie\/ga\/?s={search_term_string}"},"query-input":{"@type":"PropertyValueSpecification","valueRequired":true,"valueName":"search_term_string"}}],"inLanguage":"ga-IE"},{"@type":"Organization","@id":"https:\/\/www.noac.ie\/ga\/#organization","name":"National Oversight and Audit Commission","alternateName":"NOAC","url":"https:\/\/www.noac.ie\/ga\/","logo":{"@type":"ImageObject","inLanguage":"ga-IE","@id":"https:\/\/www.noac.ie\/ga\/#\/schema\/logo\/image\/","url":"https:\/\/cdn.noac.ie\/wp-content\/uploads\/2020\/04\/national-oversight-and-auditing-commission-logo.jpg","contentUrl":"https:\/\/cdn.noac.ie\/wp-content\/uploads\/2020\/04\/national-oversight-and-auditing-commission-logo.jpg","width":336,"height":122,"caption":"National Oversight and Audit Commission"},"image":{"@id":"https:\/\/www.noac.ie\/ga\/#\/schema\/logo\/image\/"}}]}},"_links":{"self":[{"href":"https:\/\/www.noac.ie\/ga\/wp-json\/wp\/v2\/pages\/3017","targetHints":{"allow":["GET"]}}],"collection":[{"href":"https:\/\/www.noac.ie\/ga\/wp-json\/wp\/v2\/pages"}],"about":[{"href":"https:\/\/www.noac.ie\/ga\/wp-json\/wp\/v2\/types\/page"}],"author":[{"embeddable":true,"href":"https:\/\/www.noac.ie\/ga\/wp-json\/wp\/v2\/users\/8"}],"replies":[{"embeddable":true,"href":"https:\/\/www.noac.ie\/ga\/wp-json\/wp\/v2\/comments?post=3017"}],"version-history":[{"count":0,"href":"https:\/\/www.noac.ie\/ga\/wp-json\/wp\/v2\/pages\/3017\/revisions"}],"wp:attachment":[{"href":"https:\/\/www.noac.ie\/ga\/wp-json\/wp\/v2\/media?parent=3017"}],"curies":[{"name":"wp","href":"https:\/\/api.w.org\/{rel}","templated":true}]}}