{"id":3028,"date":"2020-04-22T16:23:05","date_gmt":"2020-04-22T15:23:05","guid":{"rendered":"http:\/\/dev-site.noac.ie\/?page_id=3028"},"modified":"2020-07-24T11:16:40","modified_gmt":"2020-07-24T11:16:40","slug":"nuacht-agus-imeachtai","status":"publish","type":"page","link":"https:\/\/www.noac.ie\/ga\/nuacht-agus-imeachtai\/","title":{"rendered":"Nuacht agus Imeachta\u00ed"},"content":{"rendered":"\n\t<h1>Nuacht agus Imeachta\u00ed<\/h1>\n\t<h3>Scag preasr\u00e1itis agus imeachta\u00ed de r\u00e9ir bliana<br \/>\n<\/h3>\n\t\n    <div id=\"event-dropdown\" style=\"width: 100%; border: 0px solid #ccc; padding: 15px; text-align: center;\">\n        <select id=\"the_event_dropdown\" style=\"width: 300px; color:#0ab793; border: 2px solid #0ab793;\" class=\"event-dropdown\" name=\"the_event_dropdown\" onchange='document.location.href=this.options[this.selectedIndex].value;'> \n            <option value=\"\">Filter Options<\/option> \n\n            <option value=\"https:\/\/www.noac.ie\/category\/press-releases-2015-ga\">Press Releases 2015<\/option><option value=\"https:\/\/www.noac.ie\/category\/press-releases-2016-ga\">Press Releases 2016<\/option><option value=\"https:\/\/www.noac.ie\/category\/press-releases-2017-ga\">Press Releases 2017<\/option><option value=\"https:\/\/www.noac.ie\/category\/press-releases-018-ga\">Press Releases 2018<\/option><option value=\"https:\/\/www.noac.ie\/category\/press-releases-2019-ga\">Press Releases 2019<\/option><option value=\"https:\/\/www.noac.ie\/category\/press-releases-2020-ga\">Press Releases 2020<\/option><option value=\"https:\/\/www.noac.ie\/category\/press-releases-2021-nuacht-agus-imeachtai\">Press Releases 2021<\/option><option value=\"https:\/\/www.noac.ie\/category\/press-releases-2022-ga\">Press Releases 2022<\/option><option value=\"https:\/\/www.noac.ie\/category\/press-releases-2023-ga\">Press Releases 2023<\/option>\n              <script type=\"text\/javascript\">\n                document.getElementById('the_event_dropdown').value = \"\";\n              <\/script>   \n\n        <\/select>\n    <\/div>\n\n\n    \n","protected":false},"excerpt":{"rendered":"<div class=\"entry-summary\">\n<div class=\"entry-summary\">\nNuacht agus Imeachta\u00ed Scag preasr\u00e1itis agus imeachta\u00ed de r\u00e9ir bliana\n<\/div>\n<div class=\"link-more\"><a href=\"https:\/\/www.noac.ie\/ga\/nuacht-agus-imeachtai\/\" class=\"more-link\">Continue reading<span class=\"screen-reader-text\"> &ldquo;Nuacht agus Imeachta\u00ed&rdquo;<\/span>&hellip;<\/a><\/div>\n<\/div>\n<div class=\"link-more\"><a href=\"https:\/\/www.noac.ie\/ga\/nuacht-agus-imeachtai\/\" class=\"more-link\">Continue reading<span class=\"screen-reader-text\"> &ldquo;Nuacht agus Imeachta\u00ed&rdquo;<\/span>&hellip;<\/a><\/div>\n","protected":false},"author":8,"featured_media":0,"parent":0,"menu_order":0,"comment_status":"closed","ping_status":"closed","template":"","meta":{"_acf_changed":false,"footnotes":""},"class_list":["post-3028","page","type-page","status-publish","hentry","entry"],"acf":[],"yoast_head":"<!-- This site is optimized with the Yoast SEO plugin v27.3 - https:\/\/yoast.com\/product\/yoast-seo-wordpress\/ -->\n<title>Nuacht agus Imeachta\u00ed - National Oversight &amp; Audit Commission<\/title>\n<meta name=\"robots\" content=\"index, follow, max-snippet:-1, max-image-preview:large, max-video-preview:-1\" \/>\n<link rel=\"canonical\" href=\"https:\/\/www.noac.ie\/ga\/nuacht-agus-imeachtai\/\" \/>\n<meta property=\"og:locale\" content=\"ga_IE\" \/>\n<meta property=\"og:type\" content=\"article\" \/>\n<meta property=\"og:title\" content=\"Nuacht agus Imeachta\u00ed - National Oversight &amp; Audit Commission\" \/>\n<meta property=\"og:description\" content=\"Nuacht agus Imeachta\u00ed Scag preasr\u00e1itis agus imeachta\u00ed de r\u00e9ir bliana Continue reading &ldquo;Nuacht agus Imeachta\u00ed&rdquo;&hellip;\" \/>\n<meta property=\"og:url\" content=\"https:\/\/www.noac.ie\/ga\/nuacht-agus-imeachtai\/\" \/>\n<meta property=\"og:site_name\" content=\"National Oversight &amp; Audit Commission\" \/>\n<meta property=\"article:modified_time\" content=\"2020-07-24T11:16:40+00:00\" \/>\n<meta name=\"twitter:card\" content=\"summary_large_image\" \/>\n<script type=\"application\/ld+json\" class=\"yoast-schema-graph\">{\"@context\":\"https:\\\/\\\/schema.org\",\"@graph\":[{\"@type\":\"WebPage\",\"@id\":\"https:\\\/\\\/www.noac.ie\\\/ga\\\/nuacht-agus-imeachtai\\\/\",\"url\":\"https:\\\/\\\/www.noac.ie\\\/ga\\\/nuacht-agus-imeachtai\\\/\",\"name\":\"Nuacht agus Imeachta\u00ed - National Oversight &amp; Audit Commission\",\"isPartOf\":{\"@id\":\"https:\\\/\\\/www.noac.ie\\\/ga\\\/#website\"},\"datePublished\":\"2020-04-22T15:23:05+00:00\",\"dateModified\":\"2020-07-24T11:16:40+00:00\",\"breadcrumb\":{\"@id\":\"https:\\\/\\\/www.noac.ie\\\/ga\\\/nuacht-agus-imeachtai\\\/#breadcrumb\"},\"inLanguage\":\"ga-IE\",\"potentialAction\":[{\"@type\":\"ReadAction\",\"target\":[\"https:\\\/\\\/www.noac.ie\\\/ga\\\/nuacht-agus-imeachtai\\\/\"]}]},{\"@type\":\"BreadcrumbList\",\"@id\":\"https:\\\/\\\/www.noac.ie\\\/ga\\\/nuacht-agus-imeachtai\\\/#breadcrumb\",\"itemListElement\":[{\"@type\":\"ListItem\",\"position\":1,\"name\":\"Home\",\"item\":\"https:\\\/\\\/www.noac.ie\\\/ga\\\/\"},{\"@type\":\"ListItem\",\"position\":2,\"name\":\"Nuacht agus Imeachta\u00ed\"}]},{\"@type\":\"WebSite\",\"@id\":\"https:\\\/\\\/www.noac.ie\\\/ga\\\/#website\",\"url\":\"https:\\\/\\\/www.noac.ie\\\/ga\\\/\",\"name\":\"National Oversight & Audit Commission\",\"description\":\"Providing national oversight of local government in Ireland\",\"publisher\":{\"@id\":\"https:\\\/\\\/www.noac.ie\\\/ga\\\/#organization\"},\"alternateName\":\"NOAC\",\"potentialAction\":[{\"@type\":\"SearchAction\",\"target\":{\"@type\":\"EntryPoint\",\"urlTemplate\":\"https:\\\/\\\/www.noac.ie\\\/ga\\\/?s={search_term_string}\"},\"query-input\":{\"@type\":\"PropertyValueSpecification\",\"valueRequired\":true,\"valueName\":\"search_term_string\"}}],\"inLanguage\":\"ga-IE\"},{\"@type\":\"Organization\",\"@id\":\"https:\\\/\\\/www.noac.ie\\\/ga\\\/#organization\",\"name\":\"National Oversight and Audit Commission\",\"alternateName\":\"NOAC\",\"url\":\"https:\\\/\\\/www.noac.ie\\\/ga\\\/\",\"logo\":{\"@type\":\"ImageObject\",\"inLanguage\":\"ga-IE\",\"@id\":\"https:\\\/\\\/www.noac.ie\\\/ga\\\/#\\\/schema\\\/logo\\\/image\\\/\",\"url\":\"https:\\\/\\\/cdn.noac.ie\\\/wp-content\\\/uploads\\\/2020\\\/04\\\/national-oversight-and-auditing-commission-logo.jpg\",\"contentUrl\":\"https:\\\/\\\/cdn.noac.ie\\\/wp-content\\\/uploads\\\/2020\\\/04\\\/national-oversight-and-auditing-commission-logo.jpg\",\"width\":336,\"height\":122,\"caption\":\"National Oversight and Audit Commission\"},\"image\":{\"@id\":\"https:\\\/\\\/www.noac.ie\\\/ga\\\/#\\\/schema\\\/logo\\\/image\\\/\"}}]}<\/script>\n<!-- \/ Yoast SEO plugin. -->","yoast_head_json":{"title":"Nuacht agus Imeachta\u00ed - National Oversight &amp; Audit Commission","robots":{"index":"index","follow":"follow","max-snippet":"max-snippet:-1","max-image-preview":"max-image-preview:large","max-video-preview":"max-video-preview:-1"},"canonical":"https:\/\/www.noac.ie\/ga\/nuacht-agus-imeachtai\/","og_locale":"ga_IE","og_type":"article","og_title":"Nuacht agus Imeachta\u00ed - National Oversight &amp; Audit Commission","og_description":"Nuacht agus Imeachta\u00ed Scag preasr\u00e1itis agus imeachta\u00ed de r\u00e9ir bliana Continue reading &ldquo;Nuacht agus Imeachta\u00ed&rdquo;&hellip;","og_url":"https:\/\/www.noac.ie\/ga\/nuacht-agus-imeachtai\/","og_site_name":"National Oversight &amp; Audit Commission","article_modified_time":"2020-07-24T11:16:40+00:00","twitter_card":"summary_large_image","schema":{"@context":"https:\/\/schema.org","@graph":[{"@type":"WebPage","@id":"https:\/\/www.noac.ie\/ga\/nuacht-agus-imeachtai\/","url":"https:\/\/www.noac.ie\/ga\/nuacht-agus-imeachtai\/","name":"Nuacht agus Imeachta\u00ed - National Oversight &amp; Audit Commission","isPartOf":{"@id":"https:\/\/www.noac.ie\/ga\/#website"},"datePublished":"2020-04-22T15:23:05+00:00","dateModified":"2020-07-24T11:16:40+00:00","breadcrumb":{"@id":"https:\/\/www.noac.ie\/ga\/nuacht-agus-imeachtai\/#breadcrumb"},"inLanguage":"ga-IE","potentialAction":[{"@type":"ReadAction","target":["https:\/\/www.noac.ie\/ga\/nuacht-agus-imeachtai\/"]}]},{"@type":"BreadcrumbList","@id":"https:\/\/www.noac.ie\/ga\/nuacht-agus-imeachtai\/#breadcrumb","itemListElement":[{"@type":"ListItem","position":1,"name":"Home","item":"https:\/\/www.noac.ie\/ga\/"},{"@type":"ListItem","position":2,"name":"Nuacht agus Imeachta\u00ed"}]},{"@type":"WebSite","@id":"https:\/\/www.noac.ie\/ga\/#website","url":"https:\/\/www.noac.ie\/ga\/","name":"National Oversight & Audit Commission","description":"Providing national oversight of local government in Ireland","publisher":{"@id":"https:\/\/www.noac.ie\/ga\/#organization"},"alternateName":"NOAC","potentialAction":[{"@type":"SearchAction","target":{"@type":"EntryPoint","urlTemplate":"https:\/\/www.noac.ie\/ga\/?s={search_term_string}"},"query-input":{"@type":"PropertyValueSpecification","valueRequired":true,"valueName":"search_term_string"}}],"inLanguage":"ga-IE"},{"@type":"Organization","@id":"https:\/\/www.noac.ie\/ga\/#organization","name":"National Oversight and Audit Commission","alternateName":"NOAC","url":"https:\/\/www.noac.ie\/ga\/","logo":{"@type":"ImageObject","inLanguage":"ga-IE","@id":"https:\/\/www.noac.ie\/ga\/#\/schema\/logo\/image\/","url":"https:\/\/cdn.noac.ie\/wp-content\/uploads\/2020\/04\/national-oversight-and-auditing-commission-logo.jpg","contentUrl":"https:\/\/cdn.noac.ie\/wp-content\/uploads\/2020\/04\/national-oversight-and-auditing-commission-logo.jpg","width":336,"height":122,"caption":"National Oversight and Audit Commission"},"image":{"@id":"https:\/\/www.noac.ie\/ga\/#\/schema\/logo\/image\/"}}]}},"_links":{"self":[{"href":"https:\/\/www.noac.ie\/ga\/wp-json\/wp\/v2\/pages\/3028","targetHints":{"allow":["GET"]}}],"collection":[{"href":"https:\/\/www.noac.ie\/ga\/wp-json\/wp\/v2\/pages"}],"about":[{"href":"https:\/\/www.noac.ie\/ga\/wp-json\/wp\/v2\/types\/page"}],"author":[{"embeddable":true,"href":"https:\/\/www.noac.ie\/ga\/wp-json\/wp\/v2\/users\/8"}],"replies":[{"embeddable":true,"href":"https:\/\/www.noac.ie\/ga\/wp-json\/wp\/v2\/comments?post=3028"}],"version-history":[{"count":0,"href":"https:\/\/www.noac.ie\/ga\/wp-json\/wp\/v2\/pages\/3028\/revisions"}],"wp:attachment":[{"href":"https:\/\/www.noac.ie\/ga\/wp-json\/wp\/v2\/media?parent=3028"}],"curies":[{"name":"wp","href":"https:\/\/api.w.org\/{rel}","templated":true}]}}