{"id":3045,"date":"2020-04-22T16:23:28","date_gmt":"2020-04-22T16:23:28","guid":{"rendered":"http:\/\/dev-site.noac.ie\/?page_id=3045"},"modified":"2024-03-20T15:22:28","modified_gmt":"2024-03-20T15:22:28","slug":"acmhainni","status":"publish","type":"page","link":"https:\/\/www.noac.ie\/ga\/acmhainni\/","title":{"rendered":"Acmhainn\u00ed"},"content":{"rendered":"\n\n\t<h1>Naisc an Choimisi\u00fain N\u00e1isi\u00fanta Maoirseachta agus Ini\u00fach\u00f3ireachta<\/h1>\n\t<h3>Tugtar liosta anseo th\u00edos de chomhlachta\u00ed rialtais \u00e1iti\u00fail a nd\u00e9anann an Coimisi\u00fan maoirseacht orthu, mar aon le liosta d&#8217;eagra\u00edochta\u00ed \u00fas\u00e1ideacha eile lena mb\u00edonn an Coimisi\u00fan ag pl\u00e9.<\/h3>\n\t\t\t<a href=\"#\" id=\"fl-accordion--label-0\" tabindex=\"0\" aria-controls=\"fl-accordion--panel-0\">Rialtas \u00c1iti\u00fail<\/a>\n\t\t\t\t\t\t\t<a href=\"#\" id=\"fl-accordion--icon-0\" tabindex=\"0\" aria-controls=\"fl-accordion--panel-0\"><i>Expand<\/i><\/a>\n\t\t<h3>Comhairl\u00ed Contae<\/h3>\n<a href=\"http:\/\/www.carlow.ie\/\" target=\"_blank\" rel=\"noopener\">Comhairle Chontae Cheatharlach<\/a><br \/>\n<a href=\"http:\/\/gaeilge.cavanweb.ie\/Default.aspx?StructureID_str=400\" target=\"_blank\" rel=\"noopener\">Comhairle Contae an Chabh\u00e1in<\/a><br \/>\n<a href=\"https:\/\/www.clarecoco.ie\/\" target=\"_blank\" rel=\"noopener\">Comhairle Contae an Chl\u00e1ir<\/a><br \/>\n<a href=\"https:\/\/www.corkcoco.ie\/ga\" target=\"_blank\" rel=\"noopener\">Comhairle Contae Chorca\u00ed<\/a><br \/>\n<a href=\"http:\/\/www.donegalcoco.ie\/ie\/\" target=\"_blank\" rel=\"noopener\">Comhairle Contae Dh\u00fan na nGall<\/a><br \/>\n<a href=\"https:\/\/www.dlrcoco.ie\/ga\" target=\"_blank\" rel=\"noopener\">Comhairle Contae Dh\u00fan Laoghaire &#8211; R\u00e1th an D\u00fain<\/a><br \/>\n<a href=\"https:\/\/www.fingal.ie\/ga\" target=\"_blank\" rel=\"noopener\">Comhairle Contae Fhine Gall<\/a><br \/>\n<a href=\"http:\/\/www.galway.ie\/ga\/\" target=\"_blank\" rel=\"noopener\">Comhairle Chontae na Gaillimhe<\/a><br \/>\n<a href=\"https:\/\/ciarrai.ie\/\" target=\"_blank\" rel=\"noopener\">Comhairle Contae Chiarra\u00ed<\/a><br \/>\n<a href=\"http:\/\/kildare.ie\/countycouncil\/index.html\" target=\"_blank\" rel=\"noopener\">Comhairle Chontae Chill Dara<\/a><br \/>\n<a href=\"https:\/\/www.kilkennycoco.ie\/irl\/\" target=\"_blank\" rel=\"noopener\">Comhairle Contae Chill Chainnigh<\/a><br \/>\n<a href=\"https:\/\/laois.ie\/\" target=\"_blank\" rel=\"noopener\">Comhairle Chontae Laoise<\/a><br \/>\n<a href=\"http:\/\/www.leitrimcoco.ie\/eng\/Your-Council\/Gaeilge\/\" target=\"_blank\" rel=\"noopener\">Comhairle Contae Liatroma<\/a><br \/>\n<a href=\"http:\/\/www.longfordcoco.ie\/Gaeilge\/\" target=\"_blank\" rel=\"noopener\">Comhairle Chontae Longfoirt<\/a><br \/>\n<a href=\"https:\/\/www.louthcoco.ie\/ga\/comhairle-chontae-lu\/\" target=\"_blank\" rel=\"noopener\">Comhairle Contae L\u00fa<\/a><br \/>\n<a href=\"https:\/\/www.mayo.ie\/en-ie\/irish-coming-soon\" target=\"_blank\" rel=\"noopener\">Comhairle Contae Mhaigh Eo<\/a><br \/>\n<a href=\"https:\/\/www.meath.ie\/\" target=\"_blank\" rel=\"noopener\">Comhairle Chontae na M\u00ed<\/a><br \/>\n<a href=\"https:\/\/monaghan.ie\/\" target=\"_blank\" rel=\"noopener\">Comhairle Chontae Mhuineach\u00e1in<\/a><br \/>\n<a href=\"https:\/\/www.offaly.ie\/eng\/\" target=\"_blank\" rel=\"noopener\">Comhairle Contae U\u00edbh Fhail<\/a><br \/>\n<a href=\"http:\/\/www.roscommoncoco.ie\/en\/\" target=\"_blank\" rel=\"noopener\">Comhairle Chontae Ros Com\u00e1in<\/a><br \/>\n<a href=\"https:\/\/www.sligococo.ie\/Gaeilge\/\" target=\"_blank\" rel=\"noopener\">Comhairle Chontae Shligigh<\/a><br \/>\n<a href=\"https:\/\/www.sdcc.ie\/ga\/\" target=\"_blank\" rel=\"noopener\">Comhairle Contae \u00c1tha Cliath Theas<\/a><br \/>\n<a href=\"https:\/\/www.tipperarycoco.ie\/\" target=\"_blank\" rel=\"noopener\">Comhairle Contae Thiobraid \u00c1rann Co<\/a><br \/>\n<a href=\"https:\/\/www.westmeathcoco.ie\/en\/\" target=\"_blank\" rel=\"noopener\">Comhairle Contae na hIarmh\u00ed<\/a><br \/>\n<a href=\"https:\/\/www.wexfordcoco.ie\/#wcc-lang-switch-top\" target=\"_blank\" rel=\"noopener\">Comhairle Contae Loch Garman<\/a><br \/>\n<a href=\"https:\/\/www.wicklow.ie\/\" target=\"_blank\" rel=\"noopener\">Comhairle Chontae Chill Mhant\u00e1in<\/a>\n\n<a href=\"https:\/\/www.corkcity.ie\/en\/\" target=\"_blank\" rel=\"noopener\">Comhairle Cathrach Chorca\u00ed<\/a><br \/>\n<a href=\"http:\/\/www.dublincity.ie\/\" target=\"_blank\" rel=\"noopener\">Comhairle Cathrach Bhaile \u00c1tha Cliath<\/a><br \/>\n<a href=\"https:\/\/www.galwaycity.ie\/ge\" target=\"_blank\" rel=\"noopener\">Comhairle Cathrach na Gaillimhe<\/a>\n<h3>Comhairl\u00ed Cathrach agus Contae<\/h3>\n<a href=\"https:\/\/www.limerick.ie\/council\" target=\"_blank\" rel=\"noopener\">Cathrach Luimnigh agus Comhairle Contae<\/a><br \/>\n<a href=\"https:\/\/www.waterfordcouncil.ie\/ga\/index.htm\" target=\"_blank\" rel=\"noopener\">Cathair Phort L\u00e1irge agus Comhairle Contae<\/a>\n<h3>Tion\u00f3il R\u00e9igi\u00fanacha<\/h3>\n<a href=\"https:\/\/emra.ie\/\" target=\"_blank\" rel=\"noopener\">Tion\u00f3l Reigi\u00fanach an Oirthir agus L\u00e1r-T\u00edre<\/a><br \/>\n<a href=\"https:\/\/www.nwra.ie\/\" target=\"_blank\" rel=\"noopener\">Tion\u00f3l Reigi\u00fanach an Tuaiscirt agus an Iarthair<\/a><br \/>\n<a href=\"https:\/\/www.southernassembly.ie\/\" target=\"_blank\" rel=\"noopener\">Tion\u00f3l Reigi\u00fanach an Deiscirt<\/a>\n\t\t\t<a href=\"#\" id=\"fl-accordion--label-0\" tabindex=\"0\" aria-controls=\"fl-accordion--panel-0\">P\u00e1irtithe Leasmhara Eile<\/a>\n\t\t\t\t\t\t\t<a href=\"#\" id=\"fl-accordion--icon-0\" tabindex=\"0\" aria-controls=\"fl-accordion--panel-0\"><i>Expand<\/i><\/a>\n\t\t<h3>Ranna St\u00e1it<\/h3>\n<a href=\"https:\/\/www.housing.gov.ie\/ga\" target=\"_blank\" rel=\"noopener\">An Roinn Tith\u00edochta, Rialtas \u00c1iti\u00fail agus Oidhreachta<\/a><br \/>\n<u><\/u><u><\/u><a href=\"https:\/\/dbei.gov.ie\/ga\/\" target=\"_blank\" rel=\"noopener\">An Roinn Gn\u00f3, Fiontar agus Nu\u00e1la\u00edochta<\/a><br \/>\n<a href=\"https:\/\/www.gov.ie\/en\/organisation\/department-of-public-expenditure-and-reform\/?referrer=http:\/\/www.per.gov.ie\/\" target=\"_blank\" rel=\"noopener\">An Roinn Caiteachais Phoibl\u00ed Athch\u00f3irithe<\/a><br \/>\n<a href=\"https:\/\/www.gov.ie\/en\/organisation\/department-of-transport-tourism-and-sport\/\" target=\"_blank\" rel=\"noopener\">An Roinn Turas\u00f3ireachta agus Sp\u00f3irt<\/a>\n<h3><strong>Eagra\u00edochta\u00ed Eile<\/strong><\/h3>\n<a href=\"https:\/\/www.ipa.ie\/baile.2068.html\" target=\"_blank\" rel=\"noopener\">An Foras Riarach\u00e1in<\/a><br \/>\n<a href=\"https:\/\/www.opr.ie\/?lang=ga\" target=\"_blank\" rel=\"noopener\">Oifig an Rialaitheora Plean\u00e1la<\/a><br \/>\n<u><\/u><u><\/u><a href=\"https:\/\/www.seai.ie\/\" target=\"_blank\" rel=\"noopener\">\u00dadar\u00e1s Fuinnimh Inmharthana na h\u00c9ireann<\/a><br \/>\n<u><\/u><u><\/u><a href=\"https:\/\/www.lgma.ie\/ga\/\" target=\"_blank\" rel=\"noopener\">An Ghn\u00edomhaireacht Bainist\u00edochta Rialtais \u00c1iti\u00fail<\/a>\n<h2><\/h2>\n<p>&nbsp;<\/p>\n<p>&nbsp;<\/p>\n<p>&nbsp;<\/p>\n\n","protected":false},"excerpt":{"rendered":"<div class=\"entry-summary\">\n<div class=\"entry-summary\">\nNaisc an Choimisi\u00fain N\u00e1isi\u00fanta Maoirseachta agus Ini\u00fach\u00f3ireachta Tugtar liosta anseo th\u00edos de chomhlachta\u00ed rialtais \u00e1iti\u00fail a nd\u00e9anann an Coimisi\u00fan maoirseacht&hellip;\n<\/div>\n<div class=\"link-more\"><a href=\"https:\/\/www.noac.ie\/ga\/acmhainni\/\" class=\"more-link\">Continue reading<span class=\"screen-reader-text\"> &ldquo;Acmhainn\u00ed&rdquo;<\/span>&hellip;<\/a><\/div>\n<\/div>\n<div class=\"link-more\"><a href=\"https:\/\/www.noac.ie\/ga\/acmhainni\/\" class=\"more-link\">Continue reading<span class=\"screen-reader-text\"> &ldquo;Acmhainn\u00ed&rdquo;<\/span>&hellip;<\/a><\/div>\n","protected":false},"author":8,"featured_media":0,"parent":0,"menu_order":0,"comment_status":"closed","ping_status":"closed","template":"","meta":{"_acf_changed":false,"footnotes":""},"class_list":["post-3045","page","type-page","status-publish","hentry","entry"],"acf":[],"yoast_head":"<!-- This site is optimized with the Yoast SEO plugin v27.3 - https:\/\/yoast.com\/product\/yoast-seo-wordpress\/ -->\n<title>Acmhainn\u00ed - National Oversight &amp; Audit Commission<\/title>\n<meta name=\"robots\" content=\"index, follow, max-snippet:-1, max-image-preview:large, max-video-preview:-1\" \/>\n<link rel=\"canonical\" href=\"https:\/\/www.noac.ie\/ga\/acmhainni\/\" \/>\n<meta property=\"og:locale\" content=\"ga_IE\" \/>\n<meta property=\"og:type\" content=\"article\" \/>\n<meta property=\"og:title\" content=\"Acmhainn\u00ed - National Oversight &amp; Audit Commission\" \/>\n<meta property=\"og:description\" content=\"Naisc an Choimisi\u00fain N\u00e1isi\u00fanta Maoirseachta agus Ini\u00fach\u00f3ireachta Tugtar liosta anseo th\u00edos de chomhlachta\u00ed rialtais \u00e1iti\u00fail a nd\u00e9anann an Coimisi\u00fan maoirseacht&hellip; Continue reading &ldquo;Acmhainn\u00ed&rdquo;&hellip;\" \/>\n<meta property=\"og:url\" content=\"https:\/\/www.noac.ie\/ga\/acmhainni\/\" \/>\n<meta property=\"og:site_name\" content=\"National Oversight &amp; Audit Commission\" \/>\n<meta property=\"article:modified_time\" content=\"2024-03-20T15:22:28+00:00\" \/>\n<meta name=\"twitter:card\" content=\"summary_large_image\" \/>\n<meta name=\"twitter:label1\" content=\"Est. reading time\" \/>\n\t<meta name=\"twitter:data1\" content=\"2 minutes\" \/>\n<script type=\"application\/ld+json\" class=\"yoast-schema-graph\">{\"@context\":\"https:\\\/\\\/schema.org\",\"@graph\":[{\"@type\":\"WebPage\",\"@id\":\"https:\\\/\\\/www.noac.ie\\\/ga\\\/acmhainni\\\/\",\"url\":\"https:\\\/\\\/www.noac.ie\\\/ga\\\/acmhainni\\\/\",\"name\":\"Acmhainn\u00ed - National Oversight &amp; Audit Commission\",\"isPartOf\":{\"@id\":\"https:\\\/\\\/www.noac.ie\\\/ga\\\/#website\"},\"datePublished\":\"2020-04-22T16:23:28+00:00\",\"dateModified\":\"2024-03-20T15:22:28+00:00\",\"breadcrumb\":{\"@id\":\"https:\\\/\\\/www.noac.ie\\\/ga\\\/acmhainni\\\/#breadcrumb\"},\"inLanguage\":\"ga-IE\",\"potentialAction\":[{\"@type\":\"ReadAction\",\"target\":[\"https:\\\/\\\/www.noac.ie\\\/ga\\\/acmhainni\\\/\"]}]},{\"@type\":\"BreadcrumbList\",\"@id\":\"https:\\\/\\\/www.noac.ie\\\/ga\\\/acmhainni\\\/#breadcrumb\",\"itemListElement\":[{\"@type\":\"ListItem\",\"position\":1,\"name\":\"Home\",\"item\":\"https:\\\/\\\/www.noac.ie\\\/ga\\\/\"},{\"@type\":\"ListItem\",\"position\":2,\"name\":\"Acmhainn\u00ed\"}]},{\"@type\":\"WebSite\",\"@id\":\"https:\\\/\\\/www.noac.ie\\\/ga\\\/#website\",\"url\":\"https:\\\/\\\/www.noac.ie\\\/ga\\\/\",\"name\":\"National Oversight & Audit Commission\",\"description\":\"Providing national oversight of local government in Ireland\",\"publisher\":{\"@id\":\"https:\\\/\\\/www.noac.ie\\\/ga\\\/#organization\"},\"alternateName\":\"NOAC\",\"potentialAction\":[{\"@type\":\"SearchAction\",\"target\":{\"@type\":\"EntryPoint\",\"urlTemplate\":\"https:\\\/\\\/www.noac.ie\\\/ga\\\/?s={search_term_string}\"},\"query-input\":{\"@type\":\"PropertyValueSpecification\",\"valueRequired\":true,\"valueName\":\"search_term_string\"}}],\"inLanguage\":\"ga-IE\"},{\"@type\":\"Organization\",\"@id\":\"https:\\\/\\\/www.noac.ie\\\/ga\\\/#organization\",\"name\":\"National Oversight and Audit Commission\",\"alternateName\":\"NOAC\",\"url\":\"https:\\\/\\\/www.noac.ie\\\/ga\\\/\",\"logo\":{\"@type\":\"ImageObject\",\"inLanguage\":\"ga-IE\",\"@id\":\"https:\\\/\\\/www.noac.ie\\\/ga\\\/#\\\/schema\\\/logo\\\/image\\\/\",\"url\":\"https:\\\/\\\/cdn.noac.ie\\\/wp-content\\\/uploads\\\/2020\\\/04\\\/national-oversight-and-auditing-commission-logo.jpg\",\"contentUrl\":\"https:\\\/\\\/cdn.noac.ie\\\/wp-content\\\/uploads\\\/2020\\\/04\\\/national-oversight-and-auditing-commission-logo.jpg\",\"width\":336,\"height\":122,\"caption\":\"National Oversight and Audit Commission\"},\"image\":{\"@id\":\"https:\\\/\\\/www.noac.ie\\\/ga\\\/#\\\/schema\\\/logo\\\/image\\\/\"}}]}<\/script>\n<!-- \/ Yoast SEO plugin. -->","yoast_head_json":{"title":"Acmhainn\u00ed - National Oversight &amp; Audit Commission","robots":{"index":"index","follow":"follow","max-snippet":"max-snippet:-1","max-image-preview":"max-image-preview:large","max-video-preview":"max-video-preview:-1"},"canonical":"https:\/\/www.noac.ie\/ga\/acmhainni\/","og_locale":"ga_IE","og_type":"article","og_title":"Acmhainn\u00ed - National Oversight &amp; Audit Commission","og_description":"Naisc an Choimisi\u00fain N\u00e1isi\u00fanta Maoirseachta agus Ini\u00fach\u00f3ireachta Tugtar liosta anseo th\u00edos de chomhlachta\u00ed rialtais \u00e1iti\u00fail a nd\u00e9anann an Coimisi\u00fan maoirseacht&hellip; Continue reading &ldquo;Acmhainn\u00ed&rdquo;&hellip;","og_url":"https:\/\/www.noac.ie\/ga\/acmhainni\/","og_site_name":"National Oversight &amp; Audit Commission","article_modified_time":"2024-03-20T15:22:28+00:00","twitter_card":"summary_large_image","twitter_misc":{"Est. reading time":"2 minutes"},"schema":{"@context":"https:\/\/schema.org","@graph":[{"@type":"WebPage","@id":"https:\/\/www.noac.ie\/ga\/acmhainni\/","url":"https:\/\/www.noac.ie\/ga\/acmhainni\/","name":"Acmhainn\u00ed - National Oversight &amp; Audit Commission","isPartOf":{"@id":"https:\/\/www.noac.ie\/ga\/#website"},"datePublished":"2020-04-22T16:23:28+00:00","dateModified":"2024-03-20T15:22:28+00:00","breadcrumb":{"@id":"https:\/\/www.noac.ie\/ga\/acmhainni\/#breadcrumb"},"inLanguage":"ga-IE","potentialAction":[{"@type":"ReadAction","target":["https:\/\/www.noac.ie\/ga\/acmhainni\/"]}]},{"@type":"BreadcrumbList","@id":"https:\/\/www.noac.ie\/ga\/acmhainni\/#breadcrumb","itemListElement":[{"@type":"ListItem","position":1,"name":"Home","item":"https:\/\/www.noac.ie\/ga\/"},{"@type":"ListItem","position":2,"name":"Acmhainn\u00ed"}]},{"@type":"WebSite","@id":"https:\/\/www.noac.ie\/ga\/#website","url":"https:\/\/www.noac.ie\/ga\/","name":"National Oversight & Audit Commission","description":"Providing national oversight of local government in Ireland","publisher":{"@id":"https:\/\/www.noac.ie\/ga\/#organization"},"alternateName":"NOAC","potentialAction":[{"@type":"SearchAction","target":{"@type":"EntryPoint","urlTemplate":"https:\/\/www.noac.ie\/ga\/?s={search_term_string}"},"query-input":{"@type":"PropertyValueSpecification","valueRequired":true,"valueName":"search_term_string"}}],"inLanguage":"ga-IE"},{"@type":"Organization","@id":"https:\/\/www.noac.ie\/ga\/#organization","name":"National Oversight and Audit Commission","alternateName":"NOAC","url":"https:\/\/www.noac.ie\/ga\/","logo":{"@type":"ImageObject","inLanguage":"ga-IE","@id":"https:\/\/www.noac.ie\/ga\/#\/schema\/logo\/image\/","url":"https:\/\/cdn.noac.ie\/wp-content\/uploads\/2020\/04\/national-oversight-and-auditing-commission-logo.jpg","contentUrl":"https:\/\/cdn.noac.ie\/wp-content\/uploads\/2020\/04\/national-oversight-and-auditing-commission-logo.jpg","width":336,"height":122,"caption":"National Oversight and Audit Commission"},"image":{"@id":"https:\/\/www.noac.ie\/ga\/#\/schema\/logo\/image\/"}}]}},"_links":{"self":[{"href":"https:\/\/www.noac.ie\/ga\/wp-json\/wp\/v2\/pages\/3045","targetHints":{"allow":["GET"]}}],"collection":[{"href":"https:\/\/www.noac.ie\/ga\/wp-json\/wp\/v2\/pages"}],"about":[{"href":"https:\/\/www.noac.ie\/ga\/wp-json\/wp\/v2\/types\/page"}],"author":[{"embeddable":true,"href":"https:\/\/www.noac.ie\/ga\/wp-json\/wp\/v2\/users\/8"}],"replies":[{"embeddable":true,"href":"https:\/\/www.noac.ie\/ga\/wp-json\/wp\/v2\/comments?post=3045"}],"version-history":[{"count":1,"href":"https:\/\/www.noac.ie\/ga\/wp-json\/wp\/v2\/pages\/3045\/revisions"}],"predecessor-version":[{"id":9635,"href":"https:\/\/www.noac.ie\/ga\/wp-json\/wp\/v2\/pages\/3045\/revisions\/9635"}],"wp:attachment":[{"href":"https:\/\/www.noac.ie\/ga\/wp-json\/wp\/v2\/media?parent=3045"}],"curies":[{"name":"wp","href":"https:\/\/api.w.org\/{rel}","templated":true}]}}