{"id":3048,"date":"2014-09-23T22:54:14","date_gmt":"2014-09-23T22:54:14","guid":{"rendered":"http:\/\/dev-site.noac.ie\/?page_id=3048"},"modified":"2025-01-13T11:20:41","modified_gmt":"2025-01-13T11:20:41","slug":"dean-teagmhail-linn","status":"publish","type":"page","link":"https:\/\/www.noac.ie\/ga\/dean-teagmhail-linn\/","title":{"rendered":"D\u00e9an teagmh\u00e1il linn"},"content":{"rendered":"\n\n\t\t\t\t<img loading=\"lazy\" decoding=\"async\" src=\"https:\/\/cdn.noac.ie\/wp-content\/uploads\/2021\/01\/noac-resources.jpg\" alt=\"Naisc an Choimisi\u00fain N\u00e1isi\u00fanta Maoirseachta agus Ini\u00fach\u00f3ireachta\" itemprop=\"image\" height=\"454\" width=\"1240\" title=\"Naisc an Choimisi\u00fain N\u00e1isi\u00fanta Maoirseachta agus Ini\u00fach\u00f3ireachta\" onerror=\"this.style.display='none'\"  \/>\n\t<h3>Is iad seo a leanas sonra\u00ed teagmh\u00e1la an Choimisi\u00fain N\u00e1isi\u00fanta Maoirseachta agus Ini\u00fach\u00f3ireachta;<\/h3>\nAn Coimisi\u00fan N\u00e1isi\u00fanta Maoirseachta agus Ini\u00fach\u00f3ireachta, Teach an Chustaim, Baile \u00c1tha Cliath 1, D01 W6X0\n<p>R\u00edomhphost: <a href=\"mailto:info@noac.ie\">info@noac.ie<\/a><\/p>\n<p>Le haghaidh Iarratais um Shaor\u00e1il Faisn\u00e9ise seol R\u00edomhphost chuig: <a href=\"mailto:info@noac.ie\">info@noac.ie<\/a><\/p>\n\t<iframe src=\"https:\/\/www.google.com\/maps\/embed\/v1\/place?q=53.3484606%2C-6.2526182&#038;key=AIzaSyD09zQ9PNDNNy9TadMuzRV_UsPUoWKntt8\" aria-hidden=\"true\" title=\"NOAC, Custom House, Dublin 1,  D01 W6X0\"><\/iframe>\n\n","protected":false},"excerpt":{"rendered":"<div class=\"entry-summary\">\n<div class=\"entry-summary\">\nIs iad seo a leanas sonra\u00ed teagmh\u00e1la an Choimisi\u00fain N\u00e1isi\u00fanta Maoirseachta agus Ini\u00fach\u00f3ireachta; An Coimisi\u00fan N\u00e1isi\u00fanta Maoirseachta agus Ini\u00fach\u00f3ireachta, Teach&hellip;\n<\/div>\n<div class=\"link-more\"><a href=\"https:\/\/www.noac.ie\/ga\/dean-teagmhail-linn\/\" class=\"more-link\">Continue reading<span class=\"screen-reader-text\"> &ldquo;D\u00e9an teagmh\u00e1il linn&rdquo;<\/span>&hellip;<\/a><\/div>\n<\/div>\n<div class=\"link-more\"><a href=\"https:\/\/www.noac.ie\/ga\/dean-teagmhail-linn\/\" class=\"more-link\">Continue reading<span class=\"screen-reader-text\"> &ldquo;D\u00e9an teagmh\u00e1il linn&rdquo;<\/span>&hellip;<\/a><\/div>\n","protected":false},"author":8,"featured_media":0,"parent":0,"menu_order":0,"comment_status":"closed","ping_status":"closed","template":"","meta":{"_acf_changed":false,"footnotes":""},"class_list":["post-3048","page","type-page","status-publish","hentry","entry"],"acf":[],"yoast_head":"<!-- This site is optimized with the Yoast SEO plugin v27.3 - https:\/\/yoast.com\/product\/yoast-seo-wordpress\/ -->\n<title>D\u00e9an teagmh\u00e1il linn - National Oversight &amp; Audit Commission<\/title>\n<meta name=\"robots\" content=\"index, follow, max-snippet:-1, max-image-preview:large, max-video-preview:-1\" \/>\n<link rel=\"canonical\" href=\"https:\/\/www.noac.ie\/ga\/dean-teagmhail-linn\/\" \/>\n<meta property=\"og:locale\" content=\"ga_IE\" \/>\n<meta property=\"og:type\" content=\"article\" \/>\n<meta property=\"og:title\" content=\"D\u00e9an teagmh\u00e1il linn - National Oversight &amp; Audit Commission\" \/>\n<meta property=\"og:description\" content=\"Is iad seo a leanas sonra\u00ed teagmh\u00e1la an Choimisi\u00fain N\u00e1isi\u00fanta Maoirseachta agus Ini\u00fach\u00f3ireachta; An Coimisi\u00fan N\u00e1isi\u00fanta Maoirseachta agus Ini\u00fach\u00f3ireachta, Teach&hellip; Continue reading &ldquo;D\u00e9an teagmh\u00e1il linn&rdquo;&hellip;\" \/>\n<meta property=\"og:url\" content=\"https:\/\/www.noac.ie\/ga\/dean-teagmhail-linn\/\" \/>\n<meta property=\"og:site_name\" content=\"National Oversight &amp; Audit Commission\" \/>\n<meta property=\"article:modified_time\" content=\"2025-01-13T11:20:41+00:00\" \/>\n<meta property=\"og:image\" content=\"https:\/\/www.noac.ie\/wp-content\/uploads\/2021\/01\/noac-resources.jpg\" \/>\n<meta name=\"twitter:card\" content=\"summary_large_image\" \/>\n<meta name=\"twitter:label1\" content=\"Est. reading time\" \/>\n\t<meta name=\"twitter:data1\" content=\"1 minute\" \/>\n<script type=\"application\/ld+json\" class=\"yoast-schema-graph\">{\"@context\":\"https:\\\/\\\/schema.org\",\"@graph\":[{\"@type\":\"WebPage\",\"@id\":\"https:\\\/\\\/www.noac.ie\\\/ga\\\/dean-teagmhail-linn\\\/\",\"url\":\"https:\\\/\\\/www.noac.ie\\\/ga\\\/dean-teagmhail-linn\\\/\",\"name\":\"D\u00e9an teagmh\u00e1il linn - National Oversight &amp; Audit Commission\",\"isPartOf\":{\"@id\":\"https:\\\/\\\/www.noac.ie\\\/ga\\\/#website\"},\"primaryImageOfPage\":{\"@id\":\"https:\\\/\\\/www.noac.ie\\\/ga\\\/dean-teagmhail-linn\\\/#primaryimage\"},\"image\":{\"@id\":\"https:\\\/\\\/www.noac.ie\\\/ga\\\/dean-teagmhail-linn\\\/#primaryimage\"},\"thumbnailUrl\":\"https:\\\/\\\/www.noac.ie\\\/wp-content\\\/uploads\\\/2021\\\/01\\\/noac-resources.jpg\",\"datePublished\":\"2014-09-23T22:54:14+00:00\",\"dateModified\":\"2025-01-13T11:20:41+00:00\",\"breadcrumb\":{\"@id\":\"https:\\\/\\\/www.noac.ie\\\/ga\\\/dean-teagmhail-linn\\\/#breadcrumb\"},\"inLanguage\":\"ga-IE\",\"potentialAction\":[{\"@type\":\"ReadAction\",\"target\":[\"https:\\\/\\\/www.noac.ie\\\/ga\\\/dean-teagmhail-linn\\\/\"]}]},{\"@type\":\"ImageObject\",\"inLanguage\":\"ga-IE\",\"@id\":\"https:\\\/\\\/www.noac.ie\\\/ga\\\/dean-teagmhail-linn\\\/#primaryimage\",\"url\":\"https:\\\/\\\/www.noac.ie\\\/wp-content\\\/uploads\\\/2021\\\/01\\\/noac-resources.jpg\",\"contentUrl\":\"https:\\\/\\\/www.noac.ie\\\/wp-content\\\/uploads\\\/2021\\\/01\\\/noac-resources.jpg\"},{\"@type\":\"BreadcrumbList\",\"@id\":\"https:\\\/\\\/www.noac.ie\\\/ga\\\/dean-teagmhail-linn\\\/#breadcrumb\",\"itemListElement\":[{\"@type\":\"ListItem\",\"position\":1,\"name\":\"Home\",\"item\":\"https:\\\/\\\/www.noac.ie\\\/ga\\\/\"},{\"@type\":\"ListItem\",\"position\":2,\"name\":\"D\u00e9an teagmh\u00e1il linn\"}]},{\"@type\":\"WebSite\",\"@id\":\"https:\\\/\\\/www.noac.ie\\\/ga\\\/#website\",\"url\":\"https:\\\/\\\/www.noac.ie\\\/ga\\\/\",\"name\":\"National Oversight & Audit Commission\",\"description\":\"Providing national oversight of local government in Ireland\",\"publisher\":{\"@id\":\"https:\\\/\\\/www.noac.ie\\\/ga\\\/#organization\"},\"alternateName\":\"NOAC\",\"potentialAction\":[{\"@type\":\"SearchAction\",\"target\":{\"@type\":\"EntryPoint\",\"urlTemplate\":\"https:\\\/\\\/www.noac.ie\\\/ga\\\/?s={search_term_string}\"},\"query-input\":{\"@type\":\"PropertyValueSpecification\",\"valueRequired\":true,\"valueName\":\"search_term_string\"}}],\"inLanguage\":\"ga-IE\"},{\"@type\":\"Organization\",\"@id\":\"https:\\\/\\\/www.noac.ie\\\/ga\\\/#organization\",\"name\":\"National Oversight and Audit Commission\",\"alternateName\":\"NOAC\",\"url\":\"https:\\\/\\\/www.noac.ie\\\/ga\\\/\",\"logo\":{\"@type\":\"ImageObject\",\"inLanguage\":\"ga-IE\",\"@id\":\"https:\\\/\\\/www.noac.ie\\\/ga\\\/#\\\/schema\\\/logo\\\/image\\\/\",\"url\":\"https:\\\/\\\/cdn.noac.ie\\\/wp-content\\\/uploads\\\/2020\\\/04\\\/national-oversight-and-auditing-commission-logo.jpg\",\"contentUrl\":\"https:\\\/\\\/cdn.noac.ie\\\/wp-content\\\/uploads\\\/2020\\\/04\\\/national-oversight-and-auditing-commission-logo.jpg\",\"width\":336,\"height\":122,\"caption\":\"National Oversight and Audit Commission\"},\"image\":{\"@id\":\"https:\\\/\\\/www.noac.ie\\\/ga\\\/#\\\/schema\\\/logo\\\/image\\\/\"}}]}<\/script>\n<!-- \/ Yoast SEO plugin. -->","yoast_head_json":{"title":"D\u00e9an teagmh\u00e1il linn - National Oversight &amp; Audit Commission","robots":{"index":"index","follow":"follow","max-snippet":"max-snippet:-1","max-image-preview":"max-image-preview:large","max-video-preview":"max-video-preview:-1"},"canonical":"https:\/\/www.noac.ie\/ga\/dean-teagmhail-linn\/","og_locale":"ga_IE","og_type":"article","og_title":"D\u00e9an teagmh\u00e1il linn - National Oversight &amp; Audit Commission","og_description":"Is iad seo a leanas sonra\u00ed teagmh\u00e1la an Choimisi\u00fain N\u00e1isi\u00fanta Maoirseachta agus Ini\u00fach\u00f3ireachta; An Coimisi\u00fan N\u00e1isi\u00fanta Maoirseachta agus Ini\u00fach\u00f3ireachta, Teach&hellip; Continue reading &ldquo;D\u00e9an teagmh\u00e1il linn&rdquo;&hellip;","og_url":"https:\/\/www.noac.ie\/ga\/dean-teagmhail-linn\/","og_site_name":"National Oversight &amp; Audit Commission","article_modified_time":"2025-01-13T11:20:41+00:00","og_image":[{"url":"https:\/\/www.noac.ie\/wp-content\/uploads\/2021\/01\/noac-resources.jpg","type":"","width":"","height":""}],"twitter_card":"summary_large_image","twitter_misc":{"Est. reading time":"1 minute"},"schema":{"@context":"https:\/\/schema.org","@graph":[{"@type":"WebPage","@id":"https:\/\/www.noac.ie\/ga\/dean-teagmhail-linn\/","url":"https:\/\/www.noac.ie\/ga\/dean-teagmhail-linn\/","name":"D\u00e9an teagmh\u00e1il linn - National Oversight &amp; Audit Commission","isPartOf":{"@id":"https:\/\/www.noac.ie\/ga\/#website"},"primaryImageOfPage":{"@id":"https:\/\/www.noac.ie\/ga\/dean-teagmhail-linn\/#primaryimage"},"image":{"@id":"https:\/\/www.noac.ie\/ga\/dean-teagmhail-linn\/#primaryimage"},"thumbnailUrl":"https:\/\/www.noac.ie\/wp-content\/uploads\/2021\/01\/noac-resources.jpg","datePublished":"2014-09-23T22:54:14+00:00","dateModified":"2025-01-13T11:20:41+00:00","breadcrumb":{"@id":"https:\/\/www.noac.ie\/ga\/dean-teagmhail-linn\/#breadcrumb"},"inLanguage":"ga-IE","potentialAction":[{"@type":"ReadAction","target":["https:\/\/www.noac.ie\/ga\/dean-teagmhail-linn\/"]}]},{"@type":"ImageObject","inLanguage":"ga-IE","@id":"https:\/\/www.noac.ie\/ga\/dean-teagmhail-linn\/#primaryimage","url":"https:\/\/www.noac.ie\/wp-content\/uploads\/2021\/01\/noac-resources.jpg","contentUrl":"https:\/\/www.noac.ie\/wp-content\/uploads\/2021\/01\/noac-resources.jpg"},{"@type":"BreadcrumbList","@id":"https:\/\/www.noac.ie\/ga\/dean-teagmhail-linn\/#breadcrumb","itemListElement":[{"@type":"ListItem","position":1,"name":"Home","item":"https:\/\/www.noac.ie\/ga\/"},{"@type":"ListItem","position":2,"name":"D\u00e9an teagmh\u00e1il linn"}]},{"@type":"WebSite","@id":"https:\/\/www.noac.ie\/ga\/#website","url":"https:\/\/www.noac.ie\/ga\/","name":"National Oversight & Audit Commission","description":"Providing national oversight of local government in Ireland","publisher":{"@id":"https:\/\/www.noac.ie\/ga\/#organization"},"alternateName":"NOAC","potentialAction":[{"@type":"SearchAction","target":{"@type":"EntryPoint","urlTemplate":"https:\/\/www.noac.ie\/ga\/?s={search_term_string}"},"query-input":{"@type":"PropertyValueSpecification","valueRequired":true,"valueName":"search_term_string"}}],"inLanguage":"ga-IE"},{"@type":"Organization","@id":"https:\/\/www.noac.ie\/ga\/#organization","name":"National Oversight and Audit Commission","alternateName":"NOAC","url":"https:\/\/www.noac.ie\/ga\/","logo":{"@type":"ImageObject","inLanguage":"ga-IE","@id":"https:\/\/www.noac.ie\/ga\/#\/schema\/logo\/image\/","url":"https:\/\/cdn.noac.ie\/wp-content\/uploads\/2020\/04\/national-oversight-and-auditing-commission-logo.jpg","contentUrl":"https:\/\/cdn.noac.ie\/wp-content\/uploads\/2020\/04\/national-oversight-and-auditing-commission-logo.jpg","width":336,"height":122,"caption":"National Oversight and Audit Commission"},"image":{"@id":"https:\/\/www.noac.ie\/ga\/#\/schema\/logo\/image\/"}}]}},"_links":{"self":[{"href":"https:\/\/www.noac.ie\/ga\/wp-json\/wp\/v2\/pages\/3048","targetHints":{"allow":["GET"]}}],"collection":[{"href":"https:\/\/www.noac.ie\/ga\/wp-json\/wp\/v2\/pages"}],"about":[{"href":"https:\/\/www.noac.ie\/ga\/wp-json\/wp\/v2\/types\/page"}],"author":[{"embeddable":true,"href":"https:\/\/www.noac.ie\/ga\/wp-json\/wp\/v2\/users\/8"}],"replies":[{"embeddable":true,"href":"https:\/\/www.noac.ie\/ga\/wp-json\/wp\/v2\/comments?post=3048"}],"version-history":[{"count":1,"href":"https:\/\/www.noac.ie\/ga\/wp-json\/wp\/v2\/pages\/3048\/revisions"}],"predecessor-version":[{"id":10493,"href":"https:\/\/www.noac.ie\/ga\/wp-json\/wp\/v2\/pages\/3048\/revisions\/10493"}],"wp:attachment":[{"href":"https:\/\/www.noac.ie\/ga\/wp-json\/wp\/v2\/media?parent=3048"}],"curies":[{"name":"wp","href":"https:\/\/api.w.org\/{rel}","templated":true}]}}